{"id":23328,"date":"2021-10-02T12:17:26","date_gmt":"2021-10-02T12:17:26","guid":{"rendered":"https:\/\/shop.nano.ba\/?post_type=product&#038;p=23328"},"modified":"2025-12-05T09:12:39","modified_gmt":"2025-12-05T09:12:39","slug":"pantljika-od-nehrdjajuceg-celika-50m-580225","status":"publish","type":"product","link":"https:\/\/shop.nano.ba\/index.php\/proizvod\/pantljika-od-nehrdjajuceg-celika-50m-580225\/","title":{"rendered":"Pantljika od nehr\u0111aju\u0107eg \u010delika 50m 580225"},"content":{"rendered":"","protected":false},"excerpt":{"rendered":"","protected":false},"featured_media":23330,"template":"","meta":[],"product_brand":[],"product_cat":[337],"product_tag":[],"class_list":{"0":"post-23328","1":"product","2":"type-product","3":"status-publish","4":"has-post-thumbnail","6":"product_cat-alati","8":"first","9":"instock","10":"sale","11":"shipping-taxable","12":"purchasable","13":"product-type-simple"},"_links":{"self":[{"href":"https:\/\/shop.nano.ba\/index.php\/wp-json\/wp\/v2\/product\/23328","targetHints":{"allow":["GET"]}}],"collection":[{"href":"https:\/\/shop.nano.ba\/index.php\/wp-json\/wp\/v2\/product"}],"about":[{"href":"https:\/\/shop.nano.ba\/index.php\/wp-json\/wp\/v2\/types\/product"}],"version-history":[{"count":1,"href":"https:\/\/shop.nano.ba\/index.php\/wp-json\/wp\/v2\/product\/23328\/revisions"}],"predecessor-version":[{"id":47234,"href":"https:\/\/shop.nano.ba\/index.php\/wp-json\/wp\/v2\/product\/23328\/revisions\/47234"}],"wp:featuredmedia":[{"embeddable":true,"href":"https:\/\/shop.nano.ba\/index.php\/wp-json\/wp\/v2\/media\/23330"}],"wp:attachment":[{"href":"https:\/\/shop.nano.ba\/index.php\/wp-json\/wp\/v2\/media?parent=23328"}],"wp:term":[{"taxonomy":"product_brand","embeddable":true,"href":"https:\/\/shop.nano.ba\/index.php\/wp-json\/wp\/v2\/product_brand?post=23328"},{"taxonomy":"product_cat","embeddable":true,"href":"https:\/\/shop.nano.ba\/index.php\/wp-json\/wp\/v2\/product_cat?post=23328"},{"taxonomy":"product_tag","embeddable":true,"href":"https:\/\/shop.nano.ba\/index.php\/wp-json\/wp\/v2\/product_tag?post=23328"}],"curies":[{"name":"wp","href":"https:\/\/api.w.org\/{rel}","templated":true}]}}