{"id":23373,"date":"2021-10-02T12:39:39","date_gmt":"2021-10-02T12:39:39","guid":{"rendered":"https:\/\/shop.nano.ba\/?post_type=product&#038;p=23373"},"modified":"2026-04-04T11:32:47","modified_gmt":"2026-04-04T11:32:47","slug":"zicana-cetka-4-reda-s-drvenom-drskom-harden-611544","status":"publish","type":"product","link":"https:\/\/shop.nano.ba\/index.php\/proizvod\/zicana-cetka-4-reda-s-drvenom-drskom-harden-611544\/","title":{"rendered":"\u017di\u010dana \u010detka 4 reda s drvenom dr\u0161kom Harden 611544"},"content":{"rendered":"","protected":false},"excerpt":{"rendered":"","protected":false},"featured_media":23497,"template":"","meta":[],"product_brand":[],"product_cat":[337],"product_tag":[],"class_list":{"0":"post-23373","1":"product","2":"type-product","3":"status-publish","4":"has-post-thumbnail","6":"product_cat-alati","8":"first","9":"instock","10":"shipping-taxable","11":"purchasable","12":"product-type-simple"},"_links":{"self":[{"href":"https:\/\/shop.nano.ba\/index.php\/wp-json\/wp\/v2\/product\/23373","targetHints":{"allow":["GET"]}}],"collection":[{"href":"https:\/\/shop.nano.ba\/index.php\/wp-json\/wp\/v2\/product"}],"about":[{"href":"https:\/\/shop.nano.ba\/index.php\/wp-json\/wp\/v2\/types\/product"}],"version-history":[{"count":0,"href":"https:\/\/shop.nano.ba\/index.php\/wp-json\/wp\/v2\/product\/23373\/revisions"}],"wp:featuredmedia":[{"embeddable":true,"href":"https:\/\/shop.nano.ba\/index.php\/wp-json\/wp\/v2\/media\/23497"}],"wp:attachment":[{"href":"https:\/\/shop.nano.ba\/index.php\/wp-json\/wp\/v2\/media?parent=23373"}],"wp:term":[{"taxonomy":"product_brand","embeddable":true,"href":"https:\/\/shop.nano.ba\/index.php\/wp-json\/wp\/v2\/product_brand?post=23373"},{"taxonomy":"product_cat","embeddable":true,"href":"https:\/\/shop.nano.ba\/index.php\/wp-json\/wp\/v2\/product_cat?post=23373"},{"taxonomy":"product_tag","embeddable":true,"href":"https:\/\/shop.nano.ba\/index.php\/wp-json\/wp\/v2\/product_tag?post=23373"}],"curies":[{"name":"wp","href":"https:\/\/api.w.org\/{rel}","templated":true}]}}