{"id":23431,"date":"2021-10-03T05:49:22","date_gmt":"2021-10-03T05:49:22","guid":{"rendered":"https:\/\/shop.nano.ba\/?post_type=product&#038;p=23431"},"modified":"2026-03-22T11:04:25","modified_gmt":"2026-03-22T11:04:25","slug":"cetka-za-farbu-1-sa-plasticnom-ruckom-620101","status":"publish","type":"product","link":"https:\/\/shop.nano.ba\/index.php\/proizvod\/cetka-za-farbu-1-sa-plasticnom-ruckom-620101\/","title":{"rendered":"\u010cetka za farbu 1&#8221; sa plasti\u010dnom ru\u010dkom  &#8211; 620101"},"content":{"rendered":"","protected":false},"excerpt":{"rendered":"","protected":false},"featured_media":23432,"template":"","meta":[],"product_brand":[],"product_cat":[337],"product_tag":[],"class_list":{"0":"post-23431","1":"product","2":"type-product","3":"status-publish","4":"has-post-thumbnail","6":"product_cat-alati","8":"first","9":"instock","10":"sale","11":"shipping-taxable","12":"purchasable","13":"product-type-simple"},"_links":{"self":[{"href":"https:\/\/shop.nano.ba\/index.php\/wp-json\/wp\/v2\/product\/23431","targetHints":{"allow":["GET"]}}],"collection":[{"href":"https:\/\/shop.nano.ba\/index.php\/wp-json\/wp\/v2\/product"}],"about":[{"href":"https:\/\/shop.nano.ba\/index.php\/wp-json\/wp\/v2\/types\/product"}],"version-history":[{"count":1,"href":"https:\/\/shop.nano.ba\/index.php\/wp-json\/wp\/v2\/product\/23431\/revisions"}],"predecessor-version":[{"id":47755,"href":"https:\/\/shop.nano.ba\/index.php\/wp-json\/wp\/v2\/product\/23431\/revisions\/47755"}],"wp:featuredmedia":[{"embeddable":true,"href":"https:\/\/shop.nano.ba\/index.php\/wp-json\/wp\/v2\/media\/23432"}],"wp:attachment":[{"href":"https:\/\/shop.nano.ba\/index.php\/wp-json\/wp\/v2\/media?parent=23431"}],"wp:term":[{"taxonomy":"product_brand","embeddable":true,"href":"https:\/\/shop.nano.ba\/index.php\/wp-json\/wp\/v2\/product_brand?post=23431"},{"taxonomy":"product_cat","embeddable":true,"href":"https:\/\/shop.nano.ba\/index.php\/wp-json\/wp\/v2\/product_cat?post=23431"},{"taxonomy":"product_tag","embeddable":true,"href":"https:\/\/shop.nano.ba\/index.php\/wp-json\/wp\/v2\/product_tag?post=23431"}],"curies":[{"name":"wp","href":"https:\/\/api.w.org\/{rel}","templated":true}]}}