{"id":23433,"date":"2021-10-03T05:51:30","date_gmt":"2021-10-03T05:51:30","guid":{"rendered":"https:\/\/shop.nano.ba\/?post_type=product&#038;p=23433"},"modified":"2026-04-19T08:41:56","modified_gmt":"2026-04-19T08:41:56","slug":"cetka-za-farbu-2-sa-plasticnom-ruckom-620102","status":"publish","type":"product","link":"https:\/\/shop.nano.ba\/index.php\/proizvod\/cetka-za-farbu-2-sa-plasticnom-ruckom-620102\/","title":{"rendered":"\u010cetka za farbu 2&#8221; sa plasti\u010dnom ru\u010dkom  &#8211; 620102"},"content":{"rendered":"","protected":false},"excerpt":{"rendered":"","protected":false},"featured_media":23432,"template":"","meta":[],"product_brand":[],"product_cat":[337],"product_tag":[],"class_list":{"0":"post-23433","1":"product","2":"type-product","3":"status-publish","4":"has-post-thumbnail","6":"product_cat-alati","8":"first","9":"instock","10":"sale","11":"shipping-taxable","12":"purchasable","13":"product-type-simple"},"_links":{"self":[{"href":"https:\/\/shop.nano.ba\/index.php\/wp-json\/wp\/v2\/product\/23433","targetHints":{"allow":["GET"]}}],"collection":[{"href":"https:\/\/shop.nano.ba\/index.php\/wp-json\/wp\/v2\/product"}],"about":[{"href":"https:\/\/shop.nano.ba\/index.php\/wp-json\/wp\/v2\/types\/product"}],"version-history":[{"count":1,"href":"https:\/\/shop.nano.ba\/index.php\/wp-json\/wp\/v2\/product\/23433\/revisions"}],"predecessor-version":[{"id":47756,"href":"https:\/\/shop.nano.ba\/index.php\/wp-json\/wp\/v2\/product\/23433\/revisions\/47756"}],"wp:featuredmedia":[{"embeddable":true,"href":"https:\/\/shop.nano.ba\/index.php\/wp-json\/wp\/v2\/media\/23432"}],"wp:attachment":[{"href":"https:\/\/shop.nano.ba\/index.php\/wp-json\/wp\/v2\/media?parent=23433"}],"wp:term":[{"taxonomy":"product_brand","embeddable":true,"href":"https:\/\/shop.nano.ba\/index.php\/wp-json\/wp\/v2\/product_brand?post=23433"},{"taxonomy":"product_cat","embeddable":true,"href":"https:\/\/shop.nano.ba\/index.php\/wp-json\/wp\/v2\/product_cat?post=23433"},{"taxonomy":"product_tag","embeddable":true,"href":"https:\/\/shop.nano.ba\/index.php\/wp-json\/wp\/v2\/product_tag?post=23433"}],"curies":[{"name":"wp","href":"https:\/\/api.w.org\/{rel}","templated":true}]}}