{"id":23434,"date":"2021-10-03T05:52:08","date_gmt":"2021-10-03T05:52:08","guid":{"rendered":"https:\/\/shop.nano.ba\/?post_type=product&#038;p=23434"},"modified":"2026-03-07T10:18:34","modified_gmt":"2026-03-07T10:18:34","slug":"cetka-za-farbu-3-sa-plasticnom-ruckom-620103","status":"publish","type":"product","link":"https:\/\/shop.nano.ba\/index.php\/proizvod\/cetka-za-farbu-3-sa-plasticnom-ruckom-620103\/","title":{"rendered":"\u010cetka za farbu 3&#8221; sa plasti\u010dnom ru\u010dkom  &#8211; 620103"},"content":{"rendered":"","protected":false},"excerpt":{"rendered":"","protected":false},"featured_media":23432,"template":"","meta":[],"product_brand":[],"product_cat":[337],"product_tag":[],"class_list":{"0":"post-23434","1":"product","2":"type-product","3":"status-publish","4":"has-post-thumbnail","6":"product_cat-alati","8":"first","9":"instock","10":"sale","11":"shipping-taxable","12":"purchasable","13":"product-type-simple"},"_links":{"self":[{"href":"https:\/\/shop.nano.ba\/index.php\/wp-json\/wp\/v2\/product\/23434","targetHints":{"allow":["GET"]}}],"collection":[{"href":"https:\/\/shop.nano.ba\/index.php\/wp-json\/wp\/v2\/product"}],"about":[{"href":"https:\/\/shop.nano.ba\/index.php\/wp-json\/wp\/v2\/types\/product"}],"version-history":[{"count":1,"href":"https:\/\/shop.nano.ba\/index.php\/wp-json\/wp\/v2\/product\/23434\/revisions"}],"predecessor-version":[{"id":47757,"href":"https:\/\/shop.nano.ba\/index.php\/wp-json\/wp\/v2\/product\/23434\/revisions\/47757"}],"wp:featuredmedia":[{"embeddable":true,"href":"https:\/\/shop.nano.ba\/index.php\/wp-json\/wp\/v2\/media\/23432"}],"wp:attachment":[{"href":"https:\/\/shop.nano.ba\/index.php\/wp-json\/wp\/v2\/media?parent=23434"}],"wp:term":[{"taxonomy":"product_brand","embeddable":true,"href":"https:\/\/shop.nano.ba\/index.php\/wp-json\/wp\/v2\/product_brand?post=23434"},{"taxonomy":"product_cat","embeddable":true,"href":"https:\/\/shop.nano.ba\/index.php\/wp-json\/wp\/v2\/product_cat?post=23434"},{"taxonomy":"product_tag","embeddable":true,"href":"https:\/\/shop.nano.ba\/index.php\/wp-json\/wp\/v2\/product_tag?post=23434"}],"curies":[{"name":"wp","href":"https:\/\/api.w.org\/{rel}","templated":true}]}}