{"id":23436,"date":"2021-10-03T05:52:56","date_gmt":"2021-10-03T05:52:56","guid":{"rendered":"https:\/\/shop.nano.ba\/?post_type=product&#038;p=23436"},"modified":"2025-11-11T07:40:26","modified_gmt":"2025-11-11T07:40:26","slug":"cetka-za-farbu-4-sa-plasticnom-ruckom-620104","status":"publish","type":"product","link":"https:\/\/shop.nano.ba\/index.php\/proizvod\/cetka-za-farbu-4-sa-plasticnom-ruckom-620104\/","title":{"rendered":"\u010cetka za farbu 4&#8221; sa plasti\u010dnom ru\u010dkom  &#8211; 620104"},"content":{"rendered":"","protected":false},"excerpt":{"rendered":"","protected":false},"featured_media":23432,"template":"","meta":[],"product_brand":[],"product_cat":[337],"product_tag":[],"class_list":{"0":"post-23436","1":"product","2":"type-product","3":"status-publish","4":"has-post-thumbnail","6":"product_cat-alati","8":"first","9":"instock","10":"shipping-taxable","11":"purchasable","12":"product-type-simple"},"_links":{"self":[{"href":"https:\/\/shop.nano.ba\/index.php\/wp-json\/wp\/v2\/product\/23436","targetHints":{"allow":["GET"]}}],"collection":[{"href":"https:\/\/shop.nano.ba\/index.php\/wp-json\/wp\/v2\/product"}],"about":[{"href":"https:\/\/shop.nano.ba\/index.php\/wp-json\/wp\/v2\/types\/product"}],"version-history":[{"count":0,"href":"https:\/\/shop.nano.ba\/index.php\/wp-json\/wp\/v2\/product\/23436\/revisions"}],"wp:featuredmedia":[{"embeddable":true,"href":"https:\/\/shop.nano.ba\/index.php\/wp-json\/wp\/v2\/media\/23432"}],"wp:attachment":[{"href":"https:\/\/shop.nano.ba\/index.php\/wp-json\/wp\/v2\/media?parent=23436"}],"wp:term":[{"taxonomy":"product_brand","embeddable":true,"href":"https:\/\/shop.nano.ba\/index.php\/wp-json\/wp\/v2\/product_brand?post=23436"},{"taxonomy":"product_cat","embeddable":true,"href":"https:\/\/shop.nano.ba\/index.php\/wp-json\/wp\/v2\/product_cat?post=23436"},{"taxonomy":"product_tag","embeddable":true,"href":"https:\/\/shop.nano.ba\/index.php\/wp-json\/wp\/v2\/product_tag?post=23436"}],"curies":[{"name":"wp","href":"https:\/\/api.w.org\/{rel}","templated":true}]}}