{"id":23598,"date":"2021-10-03T15:22:49","date_gmt":"2021-10-03T15:22:49","guid":{"rendered":"https:\/\/shop.nano.ba\/?post_type=product&#038;p=23598"},"modified":"2025-04-25T11:07:51","modified_gmt":"2025-04-25T11:07:51","slug":"celicna-cetka-225mm-harden-620140","status":"publish","type":"product","link":"https:\/\/shop.nano.ba\/index.php\/proizvod\/celicna-cetka-225mm-harden-620140\/","title":{"rendered":"\u010celi\u010dna \u010detka 225mm Harden 620140"},"content":{"rendered":"","protected":false},"excerpt":{"rendered":"","protected":false},"featured_media":55282,"template":"","meta":[],"product_brand":[],"product_cat":[337],"product_tag":[],"class_list":{"0":"post-23598","1":"product","2":"type-product","3":"status-publish","4":"has-post-thumbnail","6":"product_cat-alati","8":"first","9":"instock","10":"shipping-taxable","11":"purchasable","12":"product-type-simple"},"_links":{"self":[{"href":"https:\/\/shop.nano.ba\/index.php\/wp-json\/wp\/v2\/product\/23598","targetHints":{"allow":["GET"]}}],"collection":[{"href":"https:\/\/shop.nano.ba\/index.php\/wp-json\/wp\/v2\/product"}],"about":[{"href":"https:\/\/shop.nano.ba\/index.php\/wp-json\/wp\/v2\/types\/product"}],"version-history":[{"count":1,"href":"https:\/\/shop.nano.ba\/index.php\/wp-json\/wp\/v2\/product\/23598\/revisions"}],"predecessor-version":[{"id":55732,"href":"https:\/\/shop.nano.ba\/index.php\/wp-json\/wp\/v2\/product\/23598\/revisions\/55732"}],"wp:featuredmedia":[{"embeddable":true,"href":"https:\/\/shop.nano.ba\/index.php\/wp-json\/wp\/v2\/media\/55282"}],"wp:attachment":[{"href":"https:\/\/shop.nano.ba\/index.php\/wp-json\/wp\/v2\/media?parent=23598"}],"wp:term":[{"taxonomy":"product_brand","embeddable":true,"href":"https:\/\/shop.nano.ba\/index.php\/wp-json\/wp\/v2\/product_brand?post=23598"},{"taxonomy":"product_cat","embeddable":true,"href":"https:\/\/shop.nano.ba\/index.php\/wp-json\/wp\/v2\/product_cat?post=23598"},{"taxonomy":"product_tag","embeddable":true,"href":"https:\/\/shop.nano.ba\/index.php\/wp-json\/wp\/v2\/product_tag?post=23598"}],"curies":[{"name":"wp","href":"https:\/\/api.w.org\/{rel}","templated":true}]}}