{"id":25329,"date":"2021-11-19T12:27:51","date_gmt":"2021-11-19T12:27:51","guid":{"rendered":"https:\/\/shop.nano.ba\/?post_type=product&#038;p=25329"},"modified":"2024-09-18T07:24:56","modified_gmt":"2024-09-18T07:24:56","slug":"mazilica-za-djecu-s-natpisom","status":"publish","type":"product","link":"https:\/\/shop.nano.ba\/index.php\/proizvod\/mazilica-za-djecu-s-natpisom\/","title":{"rendered":"Mazilica za bebe s imenom"},"content":{"rendered":"<p>Mazilice, u\u0161u\u0161kanci, tje\u0161ilice kako god ih zovete, imaju najnje\u017eniju funkciju\u00a0<span class=\"x3nfvp2 x1j61x8r x1fcty0u xdj266r xhhsvwb xat24cr xgzva0m xxymvpz xlup9mm x1kky2od\"><img loading=\"lazy\" decoding=\"async\" class=\"entered lazyloaded\" src=\"https:\/\/static.xx.fbcdn.net\/images\/emoji.php\/v9\/tc4\/1.5\/16\/1f971.png\" alt=\"\ud83e\udd71\" width=\"16\" height=\"16\" data-lazy-src=\"https:\/\/static.xx.fbcdn.net\/images\/emoji.php\/v9\/tc4\/1.5\/16\/1f971.png\" data-ll-status=\"loaded\" \/><\/span>\u00a0da \u010duvaju na\u0161e malene.<br \/>\nMaterijal: 100% organski pamuk i minky.<br \/>\nPunjenje: silikonska pahuljica i koflin.<br \/>\nU napomenu (prilikom upisivanja podataka za dostavu) upi\u0161ite ime koje \u017eelite da printamo na mazilici.<\/p>\n<div dir=\"auto\">\n<p>Odr\u017eavanje:<\/p>\n<ul>\n<li>Ma\u0161insko pranje na 30\u00b0<\/li>\n<li>Su\u0161enje na vjetru.<\/li>\n<li>Dozvoljeno peglanje.<\/li>\n<\/ul>\n<p>Promjena pri pranju na 30\u00b0C: po du\u017eini -1,2%, po \u0161irini -0,5% pH vodenog ekstrakta 8,6%<br \/>\nProizvo\u0111a\u010d: Nano DOO, Cerik, Br\u010dko<\/p>\n<\/div>\n","protected":false},"excerpt":{"rendered":"<p>Mazilice, u\u0161u\u0161kanci, tje\u0161ilice kako god ih zovete, imaju najnje\u017eniju funkciju\u00a0\u00a0da \u010duvaju na\u0161e malene. Materijal: 100% organski pamuk i minky. Punjenje:<\/p>\n","protected":false},"featured_media":25330,"template":"","meta":[],"product_brand":[],"product_cat":[317,592],"product_tag":[],"class_list":{"0":"post-25329","1":"product","2":"type-product","3":"status-publish","4":"has-post-thumbnail","6":"product_cat-baby-oprema","7":"product_cat-mazilice","9":"first","10":"instock","11":"shipping-taxable","12":"purchasable","13":"product-type-variable"},"_links":{"self":[{"href":"https:\/\/shop.nano.ba\/index.php\/wp-json\/wp\/v2\/product\/25329","targetHints":{"allow":["GET"]}}],"collection":[{"href":"https:\/\/shop.nano.ba\/index.php\/wp-json\/wp\/v2\/product"}],"about":[{"href":"https:\/\/shop.nano.ba\/index.php\/wp-json\/wp\/v2\/types\/product"}],"version-history":[{"count":2,"href":"https:\/\/shop.nano.ba\/index.php\/wp-json\/wp\/v2\/product\/25329\/revisions"}],"predecessor-version":[{"id":39179,"href":"https:\/\/shop.nano.ba\/index.php\/wp-json\/wp\/v2\/product\/25329\/revisions\/39179"}],"wp:featuredmedia":[{"embeddable":true,"href":"https:\/\/shop.nano.ba\/index.php\/wp-json\/wp\/v2\/media\/25330"}],"wp:attachment":[{"href":"https:\/\/shop.nano.ba\/index.php\/wp-json\/wp\/v2\/media?parent=25329"}],"wp:term":[{"taxonomy":"product_brand","embeddable":true,"href":"https:\/\/shop.nano.ba\/index.php\/wp-json\/wp\/v2\/product_brand?post=25329"},{"taxonomy":"product_cat","embeddable":true,"href":"https:\/\/shop.nano.ba\/index.php\/wp-json\/wp\/v2\/product_cat?post=25329"},{"taxonomy":"product_tag","embeddable":true,"href":"https:\/\/shop.nano.ba\/index.php\/wp-json\/wp\/v2\/product_tag?post=25329"}],"curies":[{"name":"wp","href":"https:\/\/api.w.org\/{rel}","templated":true}]}}