{"id":27759,"date":"2022-01-22T11:35:58","date_gmt":"2022-01-22T11:35:58","guid":{"rendered":"https:\/\/shop.nano.ba\/?post_type=product&#038;p=27759"},"modified":"2026-03-07T10:45:26","modified_gmt":"2026-03-07T10:45:26","slug":"cat-gold-keramicka-solja-s-tacnom-i-kasikom","status":"publish","type":"product","link":"https:\/\/shop.nano.ba\/index.php\/proizvod\/cat-gold-keramicka-solja-s-tacnom-i-kasikom\/","title":{"rendered":"Cat gold kerami\u010dka \u0161olja s tacnom i ka\u0161ikom"},"content":{"rendered":"","protected":false},"excerpt":{"rendered":"","protected":false},"featured_media":27760,"template":"","meta":[],"product_brand":[],"product_cat":[63],"product_tag":[],"class_list":{"0":"post-27759","1":"product","2":"type-product","3":"status-publish","4":"has-post-thumbnail","6":"product_cat-keramicke-solje","8":"first","9":"instock","10":"shipping-taxable","11":"purchasable","12":"product-type-simple"},"_links":{"self":[{"href":"https:\/\/shop.nano.ba\/index.php\/wp-json\/wp\/v2\/product\/27759","targetHints":{"allow":["GET"]}}],"collection":[{"href":"https:\/\/shop.nano.ba\/index.php\/wp-json\/wp\/v2\/product"}],"about":[{"href":"https:\/\/shop.nano.ba\/index.php\/wp-json\/wp\/v2\/types\/product"}],"version-history":[{"count":1,"href":"https:\/\/shop.nano.ba\/index.php\/wp-json\/wp\/v2\/product\/27759\/revisions"}],"predecessor-version":[{"id":50605,"href":"https:\/\/shop.nano.ba\/index.php\/wp-json\/wp\/v2\/product\/27759\/revisions\/50605"}],"wp:featuredmedia":[{"embeddable":true,"href":"https:\/\/shop.nano.ba\/index.php\/wp-json\/wp\/v2\/media\/27760"}],"wp:attachment":[{"href":"https:\/\/shop.nano.ba\/index.php\/wp-json\/wp\/v2\/media?parent=27759"}],"wp:term":[{"taxonomy":"product_brand","embeddable":true,"href":"https:\/\/shop.nano.ba\/index.php\/wp-json\/wp\/v2\/product_brand?post=27759"},{"taxonomy":"product_cat","embeddable":true,"href":"https:\/\/shop.nano.ba\/index.php\/wp-json\/wp\/v2\/product_cat?post=27759"},{"taxonomy":"product_tag","embeddable":true,"href":"https:\/\/shop.nano.ba\/index.php\/wp-json\/wp\/v2\/product_tag?post=27759"}],"curies":[{"name":"wp","href":"https:\/\/api.w.org\/{rel}","templated":true}]}}