{"id":2789,"date":"2019-10-24T12:34:50","date_gmt":"2019-10-24T12:34:50","guid":{"rendered":"https:\/\/shop.nano.ba\/?post_type=product&#038;p=2789"},"modified":"2026-05-03T09:17:25","modified_gmt":"2026-05-03T09:17:25","slug":"harry-potter-carobni-stapici","status":"publish","type":"product","link":"https:\/\/shop.nano.ba\/index.php\/proizvod\/harry-potter-carobni-stapici\/","title":{"rendered":"&#8220;Harry Potter&#8221; \u010carobni \u0161tapi\u0107i"},"content":{"rendered":"","protected":false},"excerpt":{"rendered":"<p>harrypottercarobnistap<\/p>\n","protected":false},"featured_media":2804,"template":"","meta":[],"product_brand":[],"product_cat":[67,308],"product_tag":[113,75,112,115,114,116,111],"class_list":{"0":"post-2789","1":"product","2":"type-product","3":"status-publish","4":"has-post-thumbnail","6":"product_cat-crafty","7":"product_cat-harry-potter","8":"product_tag-dumbledore","9":"product_tag-harry-potter","10":"product_tag-hermione","11":"product_tag-sirius","12":"product_tag-snape","13":"product_tag-stapici","14":"product_tag-wands","16":"first","17":"instock","18":"shipping-taxable","19":"purchasable","20":"product-type-variable"},"_links":{"self":[{"href":"https:\/\/shop.nano.ba\/index.php\/wp-json\/wp\/v2\/product\/2789","targetHints":{"allow":["GET"]}}],"collection":[{"href":"https:\/\/shop.nano.ba\/index.php\/wp-json\/wp\/v2\/product"}],"about":[{"href":"https:\/\/shop.nano.ba\/index.php\/wp-json\/wp\/v2\/types\/product"}],"version-history":[{"count":1,"href":"https:\/\/shop.nano.ba\/index.php\/wp-json\/wp\/v2\/product\/2789\/revisions"}],"predecessor-version":[{"id":50210,"href":"https:\/\/shop.nano.ba\/index.php\/wp-json\/wp\/v2\/product\/2789\/revisions\/50210"}],"wp:featuredmedia":[{"embeddable":true,"href":"https:\/\/shop.nano.ba\/index.php\/wp-json\/wp\/v2\/media\/2804"}],"wp:attachment":[{"href":"https:\/\/shop.nano.ba\/index.php\/wp-json\/wp\/v2\/media?parent=2789"}],"wp:term":[{"taxonomy":"product_brand","embeddable":true,"href":"https:\/\/shop.nano.ba\/index.php\/wp-json\/wp\/v2\/product_brand?post=2789"},{"taxonomy":"product_cat","embeddable":true,"href":"https:\/\/shop.nano.ba\/index.php\/wp-json\/wp\/v2\/product_cat?post=2789"},{"taxonomy":"product_tag","embeddable":true,"href":"https:\/\/shop.nano.ba\/index.php\/wp-json\/wp\/v2\/product_tag?post=2789"}],"curies":[{"name":"wp","href":"https:\/\/api.w.org\/{rel}","templated":true}]}}