{"id":2904,"date":"2019-10-24T16:58:09","date_gmt":"2019-10-24T16:58:09","guid":{"rendered":"https:\/\/shop.nano.ba\/?post_type=product&#038;p=2904"},"modified":"2025-11-27T07:13:11","modified_gmt":"2025-11-27T07:13:11","slug":"wolf-solja-od-nehrdjajuceg-celika","status":"publish","type":"product","link":"https:\/\/shop.nano.ba\/index.php\/proizvod\/wolf-solja-od-nehrdjajuceg-celika\/","title":{"rendered":"&#8220;Wolf&#8221; \u0161olja od nehr\u0111aju\u0107eg \u010delika"},"content":{"rendered":"","protected":false},"excerpt":{"rendered":"<p>Wolf<\/p>\n","protected":false},"featured_media":2905,"template":"","meta":[],"product_brand":[],"product_cat":[63,301],"product_tag":[77,147,146],"class_list":{"0":"post-2904","1":"product","2":"type-product","3":"status-publish","4":"has-post-thumbnail","6":"product_cat-keramicke-solje","7":"product_cat-metalne-solje","8":"product_tag-game-of-thrones","9":"product_tag-vuk","10":"product_tag-wolf","12":"first","13":"instock","14":"shipping-taxable","15":"purchasable","16":"product-type-simple"},"_links":{"self":[{"href":"https:\/\/shop.nano.ba\/index.php\/wp-json\/wp\/v2\/product\/2904","targetHints":{"allow":["GET"]}}],"collection":[{"href":"https:\/\/shop.nano.ba\/index.php\/wp-json\/wp\/v2\/product"}],"about":[{"href":"https:\/\/shop.nano.ba\/index.php\/wp-json\/wp\/v2\/types\/product"}],"version-history":[{"count":1,"href":"https:\/\/shop.nano.ba\/index.php\/wp-json\/wp\/v2\/product\/2904\/revisions"}],"predecessor-version":[{"id":41461,"href":"https:\/\/shop.nano.ba\/index.php\/wp-json\/wp\/v2\/product\/2904\/revisions\/41461"}],"wp:featuredmedia":[{"embeddable":true,"href":"https:\/\/shop.nano.ba\/index.php\/wp-json\/wp\/v2\/media\/2905"}],"wp:attachment":[{"href":"https:\/\/shop.nano.ba\/index.php\/wp-json\/wp\/v2\/media?parent=2904"}],"wp:term":[{"taxonomy":"product_brand","embeddable":true,"href":"https:\/\/shop.nano.ba\/index.php\/wp-json\/wp\/v2\/product_brand?post=2904"},{"taxonomy":"product_cat","embeddable":true,"href":"https:\/\/shop.nano.ba\/index.php\/wp-json\/wp\/v2\/product_cat?post=2904"},{"taxonomy":"product_tag","embeddable":true,"href":"https:\/\/shop.nano.ba\/index.php\/wp-json\/wp\/v2\/product_tag?post=2904"}],"curies":[{"name":"wp","href":"https:\/\/api.w.org\/{rel}","templated":true}]}}