{"id":2925,"date":"2019-10-24T17:28:25","date_gmt":"2019-10-24T17:28:25","guid":{"rendered":"https:\/\/shop.nano.ba\/?post_type=product&#038;p=2925"},"modified":"2026-02-28T11:37:00","modified_gmt":"2026-02-28T11:37:00","slug":"self-stirring-samomijesajuca-solja","status":"publish","type":"product","link":"https:\/\/shop.nano.ba\/index.php\/proizvod\/self-stirring-samomijesajuca-solja\/","title":{"rendered":"&#8220;Self-stirring&#8221; samomije\u0161aju\u0107a \u0161olja"},"content":{"rendered":"","protected":false},"excerpt":{"rendered":"<p>Selfstirring<\/p>\n","protected":false},"featured_media":2930,"template":"","meta":[],"product_brand":[],"product_cat":[63],"product_tag":[157],"class_list":{"0":"post-2925","1":"product","2":"type-product","3":"status-publish","4":"has-post-thumbnail","6":"product_cat-keramicke-solje","7":"product_tag-self-stirring","9":"first","10":"instock","11":"shipping-taxable","12":"purchasable","13":"product-type-variable"},"_links":{"self":[{"href":"https:\/\/shop.nano.ba\/index.php\/wp-json\/wp\/v2\/product\/2925","targetHints":{"allow":["GET"]}}],"collection":[{"href":"https:\/\/shop.nano.ba\/index.php\/wp-json\/wp\/v2\/product"}],"about":[{"href":"https:\/\/shop.nano.ba\/index.php\/wp-json\/wp\/v2\/types\/product"}],"version-history":[{"count":0,"href":"https:\/\/shop.nano.ba\/index.php\/wp-json\/wp\/v2\/product\/2925\/revisions"}],"wp:featuredmedia":[{"embeddable":true,"href":"https:\/\/shop.nano.ba\/index.php\/wp-json\/wp\/v2\/media\/2930"}],"wp:attachment":[{"href":"https:\/\/shop.nano.ba\/index.php\/wp-json\/wp\/v2\/media?parent=2925"}],"wp:term":[{"taxonomy":"product_brand","embeddable":true,"href":"https:\/\/shop.nano.ba\/index.php\/wp-json\/wp\/v2\/product_brand?post=2925"},{"taxonomy":"product_cat","embeddable":true,"href":"https:\/\/shop.nano.ba\/index.php\/wp-json\/wp\/v2\/product_cat?post=2925"},{"taxonomy":"product_tag","embeddable":true,"href":"https:\/\/shop.nano.ba\/index.php\/wp-json\/wp\/v2\/product_tag?post=2925"}],"curies":[{"name":"wp","href":"https:\/\/api.w.org\/{rel}","templated":true}]}}