{"id":3103,"date":"2019-10-25T15:58:02","date_gmt":"2019-10-25T15:58:02","guid":{"rendered":"https:\/\/shop.nano.ba\/?post_type=product&#038;p=3103"},"modified":"2021-01-05T13:40:22","modified_gmt":"2021-01-05T13:40:22","slug":"display-na-izvlacenje","status":"publish","type":"product","link":"https:\/\/shop.nano.ba\/index.php\/proizvod\/display-na-izvlacenje\/","title":{"rendered":"Multimedia Display na izvla\u010denje (1 din)"},"content":{"rendered":"<p>*7 in\u010dni digitalni TFT ekran na izvla\u010denje<br \/>\n*HD rezolucija videa<br \/>\n*Podr\u017eava AudiO playback i formate MP3\/WMA\/WAV\/FLAC\/OGG\/APE\/MP4<br \/>\n*Podr\u017eava Video playback format RM\/RMVB\/DVD\/MP1\/MP2\/DIVX\/XVID\/MP4&#8230;<br \/>\n*MOSFET poja\u010dava\u010d 60 watta x 4 maximalan izlaz.<br \/>\n*Memory kartica<br \/>\n*Sat<br \/>\n*Touchscreen<br \/>\n*Konekcija preko mobilnog telefona<br \/>\n*Spajanje na stra\u017enju kameru<br \/>\n*Stereo<br \/>\n*Spajanje na komande volana<br \/>\n*Odgovara za sva mogu\u0107a auta jer se izvla\u010di mehani\u010dki pristikom na dugme, kad se auto ugasi vra\u0107a se unutra<br \/>\n*Pametni sistem<br \/>\n*Vrhunska kvaliteta<br \/>\n*Ugradnja vi\u0161e nego jednostavna<\/p>\n","protected":false},"excerpt":{"rendered":"<p>Display<\/p>\n","protected":false},"featured_media":3113,"template":"","meta":[],"product_brand":[],"product_cat":[320,319,57],"product_tag":[199,198,202],"class_list":{"0":"post-3103","1":"product","2":"type-product","3":"status-publish","4":"has-post-thumbnail","6":"product_cat-auto-multimedia","7":"product_cat-auto-oprema","8":"product_cat-elektronika","9":"product_tag-auto","10":"product_tag-display","11":"product_tag-mp4","13":"first","14":"outofstock","15":"sale","16":"shipping-taxable","17":"purchasable","18":"product-type-simple"},"_links":{"self":[{"href":"https:\/\/shop.nano.ba\/index.php\/wp-json\/wp\/v2\/product\/3103","targetHints":{"allow":["GET"]}}],"collection":[{"href":"https:\/\/shop.nano.ba\/index.php\/wp-json\/wp\/v2\/product"}],"about":[{"href":"https:\/\/shop.nano.ba\/index.php\/wp-json\/wp\/v2\/types\/product"}],"version-history":[{"count":0,"href":"https:\/\/shop.nano.ba\/index.php\/wp-json\/wp\/v2\/product\/3103\/revisions"}],"wp:featuredmedia":[{"embeddable":true,"href":"https:\/\/shop.nano.ba\/index.php\/wp-json\/wp\/v2\/media\/3113"}],"wp:attachment":[{"href":"https:\/\/shop.nano.ba\/index.php\/wp-json\/wp\/v2\/media?parent=3103"}],"wp:term":[{"taxonomy":"product_brand","embeddable":true,"href":"https:\/\/shop.nano.ba\/index.php\/wp-json\/wp\/v2\/product_brand?post=3103"},{"taxonomy":"product_cat","embeddable":true,"href":"https:\/\/shop.nano.ba\/index.php\/wp-json\/wp\/v2\/product_cat?post=3103"},{"taxonomy":"product_tag","embeddable":true,"href":"https:\/\/shop.nano.ba\/index.php\/wp-json\/wp\/v2\/product_tag?post=3103"}],"curies":[{"name":"wp","href":"https:\/\/api.w.org\/{rel}","templated":true}]}}