{"id":31751,"date":"2022-05-13T17:32:25","date_gmt":"2022-05-13T17:32:25","guid":{"rendered":"https:\/\/shop.nano.ba\/?post_type=product&#038;p=31751"},"modified":"2026-01-04T13:45:32","modified_gmt":"2026-01-04T13:45:32","slug":"ogradica-za-krevetac-s-posteljinom-pletenicom-i-ukrasnim-jastucima-120x60cm-4","status":"publish","type":"product","link":"https:\/\/shop.nano.ba\/index.php\/proizvod\/ogradica-za-krevetac-s-posteljinom-pletenicom-i-ukrasnim-jastucima-120x60cm-4\/","title":{"rendered":"Set Bumper Bijela s plavom &#8211; Ogradica sa tri strane, pletenica, plahta, jastuk, jorgan i dva ukrasna jastuka &#8211; 120x60cm"},"content":{"rendered":"<p>Ogradica sa tri strane sa \u010dipkom, pletenica, jastuk, jorgan, plahta i dva ukrasna jastuka.<br \/>\nSet odgovara kreveti\u0107u dimenzija 120x60cm.<br \/>\nMaterijal: 100% organski pamuk ranforce.<br \/>\nOdr\u017eavanje:<\/p>\n<ul>\n<li>Ma\u0161insko pranje na 30\u00b0<\/li>\n<li>Su\u0161enje na vjetru.<\/li>\n<li>Dozvoljeno peglanje.<\/li>\n<\/ul>\n<p>Promjena pri pranju na 30\u00b0C: po du\u017eini -1,2%, po \u0161irini -0,5% pH vodenog ekstrakta 8,6%<br \/>\nProizvo\u0111a\u010d: Nano DOO, Cerik, Br\u010dko<\/p>\n","protected":false},"excerpt":{"rendered":"<p>Ogradica sa tri strane sa \u010dipkom, pletenica, jastuk, jorgan, plahta i dva ukrasna jastuka. Set odgovara kreveti\u0107u dimenzija 120x60cm. Materijal:<\/p>\n","protected":false},"featured_media":126368,"template":"","meta":[],"product_brand":[],"product_cat":[317,513,517],"product_tag":[],"class_list":{"0":"post-31751","1":"product","2":"type-product","3":"status-publish","4":"has-post-thumbnail","6":"product_cat-baby-oprema","7":"product_cat-ogradice-za-krevetac","8":"product_cat-posteljina-za-djecu","10":"first","11":"instock","12":"shipping-taxable","13":"purchasable","14":"product-type-simple"},"_links":{"self":[{"href":"https:\/\/shop.nano.ba\/index.php\/wp-json\/wp\/v2\/product\/31751","targetHints":{"allow":["GET"]}}],"collection":[{"href":"https:\/\/shop.nano.ba\/index.php\/wp-json\/wp\/v2\/product"}],"about":[{"href":"https:\/\/shop.nano.ba\/index.php\/wp-json\/wp\/v2\/types\/product"}],"version-history":[{"count":2,"href":"https:\/\/shop.nano.ba\/index.php\/wp-json\/wp\/v2\/product\/31751\/revisions"}],"predecessor-version":[{"id":40305,"href":"https:\/\/shop.nano.ba\/index.php\/wp-json\/wp\/v2\/product\/31751\/revisions\/40305"}],"wp:featuredmedia":[{"embeddable":true,"href":"https:\/\/shop.nano.ba\/index.php\/wp-json\/wp\/v2\/media\/126368"}],"wp:attachment":[{"href":"https:\/\/shop.nano.ba\/index.php\/wp-json\/wp\/v2\/media?parent=31751"}],"wp:term":[{"taxonomy":"product_brand","embeddable":true,"href":"https:\/\/shop.nano.ba\/index.php\/wp-json\/wp\/v2\/product_brand?post=31751"},{"taxonomy":"product_cat","embeddable":true,"href":"https:\/\/shop.nano.ba\/index.php\/wp-json\/wp\/v2\/product_cat?post=31751"},{"taxonomy":"product_tag","embeddable":true,"href":"https:\/\/shop.nano.ba\/index.php\/wp-json\/wp\/v2\/product_tag?post=31751"}],"curies":[{"name":"wp","href":"https:\/\/api.w.org\/{rel}","templated":true}]}}