{"id":31758,"date":"2022-05-13T17:39:55","date_gmt":"2022-05-13T17:39:55","guid":{"rendered":"https:\/\/shop.nano.ba\/?post_type=product&#038;p=31758"},"modified":"2026-04-10T10:58:28","modified_gmt":"2026-04-10T10:58:28","slug":"vrtuljak-oblak-s-nosacem-i-90-melodija-bluetooth-i-podesavanje-jacine-tona","status":"publish","type":"product","link":"https:\/\/shop.nano.ba\/index.php\/proizvod\/vrtuljak-oblak-s-nosacem-i-90-melodija-bluetooth-i-podesavanje-jacine-tona\/","title":{"rendered":"Vrtuljak oblak s nosa\u010dem i muzi\u010dkom kutijom sa vi\u0161e melodija sa pode\u0161avanjem ja\u010dine tona"},"content":{"rendered":"","protected":false},"excerpt":{"rendered":"","protected":false},"featured_media":31761,"template":"","meta":[],"product_brand":[],"product_cat":[317],"product_tag":[],"class_list":{"0":"post-31758","1":"product","2":"type-product","3":"status-publish","4":"has-post-thumbnail","6":"product_cat-baby-oprema","8":"first","9":"instock","10":"shipping-taxable","11":"purchasable","12":"product-type-simple"},"_links":{"self":[{"href":"https:\/\/shop.nano.ba\/index.php\/wp-json\/wp\/v2\/product\/31758","targetHints":{"allow":["GET"]}}],"collection":[{"href":"https:\/\/shop.nano.ba\/index.php\/wp-json\/wp\/v2\/product"}],"about":[{"href":"https:\/\/shop.nano.ba\/index.php\/wp-json\/wp\/v2\/types\/product"}],"version-history":[{"count":3,"href":"https:\/\/shop.nano.ba\/index.php\/wp-json\/wp\/v2\/product\/31758\/revisions"}],"predecessor-version":[{"id":120608,"href":"https:\/\/shop.nano.ba\/index.php\/wp-json\/wp\/v2\/product\/31758\/revisions\/120608"}],"wp:featuredmedia":[{"embeddable":true,"href":"https:\/\/shop.nano.ba\/index.php\/wp-json\/wp\/v2\/media\/31761"}],"wp:attachment":[{"href":"https:\/\/shop.nano.ba\/index.php\/wp-json\/wp\/v2\/media?parent=31758"}],"wp:term":[{"taxonomy":"product_brand","embeddable":true,"href":"https:\/\/shop.nano.ba\/index.php\/wp-json\/wp\/v2\/product_brand?post=31758"},{"taxonomy":"product_cat","embeddable":true,"href":"https:\/\/shop.nano.ba\/index.php\/wp-json\/wp\/v2\/product_cat?post=31758"},{"taxonomy":"product_tag","embeddable":true,"href":"https:\/\/shop.nano.ba\/index.php\/wp-json\/wp\/v2\/product_tag?post=31758"}],"curies":[{"name":"wp","href":"https:\/\/api.w.org\/{rel}","templated":true}]}}