{"id":34073,"date":"2022-07-20T07:06:23","date_gmt":"2022-07-20T07:06:23","guid":{"rendered":"https:\/\/shop.nano.ba\/?post_type=product&#038;p=34073"},"modified":"2024-09-07T06:31:20","modified_gmt":"2024-09-07T06:31:20","slug":"slika-rodenja-djeteta-na-blind-ramu","status":"publish","type":"product","link":"https:\/\/shop.nano.ba\/index.php\/proizvod\/slika-rodenja-djeteta-na-blind-ramu\/","title":{"rendered":"Slika ro\u0111enja djeteta na blind ramu"},"content":{"rendered":"<div class=\"xdj266r x11i5rnm xat24cr x1mh8g0r x1vvkbs x126k92a\">\n<div dir=\"auto\">Slikarsko platno zategnuto, na blind drveni ram dimenzija 90x60cm.<\/div>\n<\/div>\n<div class=\"x11i5rnm xat24cr x1mh8g0r x1vvkbs xtlvy1s x126k92a\">\n<div dir=\"auto\">Stvarni prikaz djeteta na dan ro\u0111enja.<\/div>\n<div dir=\"auto\">Ime, du\u017eina, vrijeme, te\u017eina i datum ro\u0111enja.<\/div>\n<\/div>\n<div class=\"x11i5rnm xat24cr x1mh8g0r x1vvkbs xtlvy1s x126k92a\">\n<div dir=\"auto\">Divan poklon za roditelje, a uspomena ostaje zauvijek.<\/div>\n<\/div>\n","protected":false},"excerpt":{"rendered":"<p>Slikarsko platno zategnuto, na blind drveni ram dimenzija 90x60cm. Stvarni prikaz djeteta na dan ro\u0111enja. Ime, du\u017eina, vrijeme, te\u017eina i<\/p>\n","protected":false},"featured_media":38414,"template":"","meta":[],"product_brand":[],"product_cat":[317,614],"product_tag":[],"class_list":{"0":"post-34073","1":"product","2":"type-product","3":"status-publish","4":"has-post-thumbnail","6":"product_cat-baby-oprema","7":"product_cat-posteri-sa-podacima-rodenja-bebe","9":"first","10":"instock","11":"shipping-taxable","12":"purchasable","13":"product-type-simple"},"_links":{"self":[{"href":"https:\/\/shop.nano.ba\/index.php\/wp-json\/wp\/v2\/product\/34073","targetHints":{"allow":["GET"]}}],"collection":[{"href":"https:\/\/shop.nano.ba\/index.php\/wp-json\/wp\/v2\/product"}],"about":[{"href":"https:\/\/shop.nano.ba\/index.php\/wp-json\/wp\/v2\/types\/product"}],"version-history":[{"count":1,"href":"https:\/\/shop.nano.ba\/index.php\/wp-json\/wp\/v2\/product\/34073\/revisions"}],"predecessor-version":[{"id":82064,"href":"https:\/\/shop.nano.ba\/index.php\/wp-json\/wp\/v2\/product\/34073\/revisions\/82064"}],"wp:featuredmedia":[{"embeddable":true,"href":"https:\/\/shop.nano.ba\/index.php\/wp-json\/wp\/v2\/media\/38414"}],"wp:attachment":[{"href":"https:\/\/shop.nano.ba\/index.php\/wp-json\/wp\/v2\/media?parent=34073"}],"wp:term":[{"taxonomy":"product_brand","embeddable":true,"href":"https:\/\/shop.nano.ba\/index.php\/wp-json\/wp\/v2\/product_brand?post=34073"},{"taxonomy":"product_cat","embeddable":true,"href":"https:\/\/shop.nano.ba\/index.php\/wp-json\/wp\/v2\/product_cat?post=34073"},{"taxonomy":"product_tag","embeddable":true,"href":"https:\/\/shop.nano.ba\/index.php\/wp-json\/wp\/v2\/product_tag?post=34073"}],"curies":[{"name":"wp","href":"https:\/\/api.w.org\/{rel}","templated":true}]}}