{"id":34079,"date":"2022-07-20T07:23:13","date_gmt":"2022-07-20T07:23:13","guid":{"rendered":"https:\/\/shop.nano.ba\/?post_type=product&#038;p=34079"},"modified":"2022-11-17T10:03:50","modified_gmt":"2022-11-17T10:03:50","slug":"jastucnica-za-memory-jastuk","status":"publish","type":"product","link":"https:\/\/shop.nano.ba\/index.php\/proizvod\/jastucnica-za-memory-jastuk\/","title":{"rendered":"Jastu\u010dnica 40x30cm"},"content":{"rendered":"<p>Jastu\u010dnica dimenzija 40x30cm.<br \/>\nMaterijal: 100% organski ranforce pamuk.<br \/>\nNa\u010din zatvaranja: na preklop.<br \/>\nOdr\u017eavanje: ma\u0161insko pranje na 30\u00b0<br \/>\nSu\u0161enje na vjetru.<\/p>\n","protected":false},"excerpt":{"rendered":"<p>Jastu\u010dnica dimenzija 40x30cm. Materijal: 100% organski ranforce pamuk. Na\u010din zatvaranja: na preklop. Odr\u017eavanje: ma\u0161insko pranje na 30\u00b0 Su\u0161enje na vjetru.<\/p>\n","protected":false},"featured_media":38386,"template":"","meta":[],"product_brand":[],"product_cat":[317,517],"product_tag":[],"class_list":{"0":"post-34079","1":"product","2":"type-product","3":"status-publish","4":"has-post-thumbnail","6":"product_cat-baby-oprema","7":"product_cat-posteljina-za-djecu","9":"first","10":"instock","11":"shipping-taxable","12":"purchasable","13":"product-type-variable","14":"has-default-attributes"},"_links":{"self":[{"href":"https:\/\/shop.nano.ba\/index.php\/wp-json\/wp\/v2\/product\/34079","targetHints":{"allow":["GET"]}}],"collection":[{"href":"https:\/\/shop.nano.ba\/index.php\/wp-json\/wp\/v2\/product"}],"about":[{"href":"https:\/\/shop.nano.ba\/index.php\/wp-json\/wp\/v2\/types\/product"}],"version-history":[{"count":0,"href":"https:\/\/shop.nano.ba\/index.php\/wp-json\/wp\/v2\/product\/34079\/revisions"}],"wp:featuredmedia":[{"embeddable":true,"href":"https:\/\/shop.nano.ba\/index.php\/wp-json\/wp\/v2\/media\/38386"}],"wp:attachment":[{"href":"https:\/\/shop.nano.ba\/index.php\/wp-json\/wp\/v2\/media?parent=34079"}],"wp:term":[{"taxonomy":"product_brand","embeddable":true,"href":"https:\/\/shop.nano.ba\/index.php\/wp-json\/wp\/v2\/product_brand?post=34079"},{"taxonomy":"product_cat","embeddable":true,"href":"https:\/\/shop.nano.ba\/index.php\/wp-json\/wp\/v2\/product_cat?post=34079"},{"taxonomy":"product_tag","embeddable":true,"href":"https:\/\/shop.nano.ba\/index.php\/wp-json\/wp\/v2\/product_tag?post=34079"}],"curies":[{"name":"wp","href":"https:\/\/api.w.org\/{rel}","templated":true}]}}