{"id":3698,"date":"2019-11-14T15:59:12","date_gmt":"2019-11-14T15:59:12","guid":{"rendered":"https:\/\/shop.nano.ba\/?post_type=product&#038;p=3698"},"modified":"2026-03-15T10:49:45","modified_gmt":"2026-03-15T10:49:45","slug":"metalna-solja-sa-vasim-dizajnom","status":"publish","type":"product","link":"https:\/\/shop.nano.ba\/index.php\/proizvod\/metalna-solja-sa-vasim-dizajnom\/","title":{"rendered":"Metalni lon\u010di\u0107 sa va\u0161im dizajnom"},"content":{"rendered":"","protected":false},"excerpt":{"rendered":"<p>metalna<\/p>\n","protected":false},"featured_media":3700,"template":"","meta":[],"product_brand":[],"product_cat":[301],"product_tag":[],"class_list":{"0":"post-3698","1":"product","2":"type-product","3":"status-publish","4":"has-post-thumbnail","6":"product_cat-metalne-solje","8":"first","9":"instock","10":"shipping-taxable","11":"purchasable","12":"product-type-simple"},"_links":{"self":[{"href":"https:\/\/shop.nano.ba\/index.php\/wp-json\/wp\/v2\/product\/3698","targetHints":{"allow":["GET"]}}],"collection":[{"href":"https:\/\/shop.nano.ba\/index.php\/wp-json\/wp\/v2\/product"}],"about":[{"href":"https:\/\/shop.nano.ba\/index.php\/wp-json\/wp\/v2\/types\/product"}],"version-history":[{"count":1,"href":"https:\/\/shop.nano.ba\/index.php\/wp-json\/wp\/v2\/product\/3698\/revisions"}],"predecessor-version":[{"id":120323,"href":"https:\/\/shop.nano.ba\/index.php\/wp-json\/wp\/v2\/product\/3698\/revisions\/120323"}],"wp:featuredmedia":[{"embeddable":true,"href":"https:\/\/shop.nano.ba\/index.php\/wp-json\/wp\/v2\/media\/3700"}],"wp:attachment":[{"href":"https:\/\/shop.nano.ba\/index.php\/wp-json\/wp\/v2\/media?parent=3698"}],"wp:term":[{"taxonomy":"product_brand","embeddable":true,"href":"https:\/\/shop.nano.ba\/index.php\/wp-json\/wp\/v2\/product_brand?post=3698"},{"taxonomy":"product_cat","embeddable":true,"href":"https:\/\/shop.nano.ba\/index.php\/wp-json\/wp\/v2\/product_cat?post=3698"},{"taxonomy":"product_tag","embeddable":true,"href":"https:\/\/shop.nano.ba\/index.php\/wp-json\/wp\/v2\/product_tag?post=3698"}],"curies":[{"name":"wp","href":"https:\/\/api.w.org\/{rel}","templated":true}]}}