{"id":38370,"date":"2022-11-17T08:21:37","date_gmt":"2022-11-17T08:21:37","guid":{"rendered":"https:\/\/shop.nano.ba\/?post_type=product&#038;p=38370"},"modified":"2025-06-28T05:43:41","modified_gmt":"2025-06-28T05:43:41","slug":"krevetac-bamboolino-ii-120x60cm","status":"publish","type":"product","link":"https:\/\/shop.nano.ba\/index.php\/proizvod\/krevetac-bamboolino-ii-120x60cm\/","title":{"rendered":"Krevetac Bamboolino II 120x60cm"},"content":{"rendered":"<p>Krevet Bamboolino I, doma\u0107a proizvodnja.<br \/>\nKrevet ima mogu\u0107nost pode\u0161avanja visine madraca, po \u017eelji.<br \/>\nPrednja ogradica se mo\u017ee skidati, a madrac podesiti prema visini bra\u010dnog kreveta.<br \/>\nDimenzije: 120x60cm<br \/>\nMaterijal: iverica<\/p>\n<p>Odr\u017eavanje:<\/p>\n<ul>\n<li>Brisanje vla\u017enom krpom.<\/li>\n<li>Potrebno presu\u0161iti suhom krpom.<\/li>\n<\/ul>\n<p>Proizvo\u0111a\u010d: Nano DOO, Cerik, Br\u010dko.<\/p>\n","protected":false},"excerpt":{"rendered":"<p>Krevet Bamboolino I, doma\u0107a proizvodnja. Krevet ima mogu\u0107nost pode\u0161avanja visine madraca, po \u017eelji. Prednja ogradica se mo\u017ee skidati, a madrac<\/p>\n","protected":false},"featured_media":38371,"template":"","meta":[],"product_brand":[],"product_cat":[317,515],"product_tag":[],"class_list":{"0":"post-38370","1":"product","2":"type-product","3":"status-publish","4":"has-post-thumbnail","6":"product_cat-baby-oprema","7":"product_cat-krevetici","9":"first","10":"instock","11":"shipping-taxable","12":"purchasable","13":"product-type-simple"},"_links":{"self":[{"href":"https:\/\/shop.nano.ba\/index.php\/wp-json\/wp\/v2\/product\/38370","targetHints":{"allow":["GET"]}}],"collection":[{"href":"https:\/\/shop.nano.ba\/index.php\/wp-json\/wp\/v2\/product"}],"about":[{"href":"https:\/\/shop.nano.ba\/index.php\/wp-json\/wp\/v2\/types\/product"}],"version-history":[{"count":1,"href":"https:\/\/shop.nano.ba\/index.php\/wp-json\/wp\/v2\/product\/38370\/revisions"}],"predecessor-version":[{"id":39183,"href":"https:\/\/shop.nano.ba\/index.php\/wp-json\/wp\/v2\/product\/38370\/revisions\/39183"}],"wp:featuredmedia":[{"embeddable":true,"href":"https:\/\/shop.nano.ba\/index.php\/wp-json\/wp\/v2\/media\/38371"}],"wp:attachment":[{"href":"https:\/\/shop.nano.ba\/index.php\/wp-json\/wp\/v2\/media?parent=38370"}],"wp:term":[{"taxonomy":"product_brand","embeddable":true,"href":"https:\/\/shop.nano.ba\/index.php\/wp-json\/wp\/v2\/product_brand?post=38370"},{"taxonomy":"product_cat","embeddable":true,"href":"https:\/\/shop.nano.ba\/index.php\/wp-json\/wp\/v2\/product_cat?post=38370"},{"taxonomy":"product_tag","embeddable":true,"href":"https:\/\/shop.nano.ba\/index.php\/wp-json\/wp\/v2\/product_tag?post=38370"}],"curies":[{"name":"wp","href":"https:\/\/api.w.org\/{rel}","templated":true}]}}