{"id":38437,"date":"2022-11-17T11:49:20","date_gmt":"2022-11-17T11:49:20","guid":{"rendered":"https:\/\/shop.nano.ba\/?post_type=product&#038;p=38437"},"modified":"2025-10-09T19:17:30","modified_gmt":"2025-10-09T19:17:30","slug":"set-plavi-oblak-ogradica-pletenica-plahta-jastuk-jorgan-120x60cm","status":"publish","type":"product","link":"https:\/\/shop.nano.ba\/index.php\/proizvod\/set-plavi-oblak-ogradica-pletenica-plahta-jastuk-jorgan-120x60cm\/","title":{"rendered":"Set Plavi oblak- ogradica, pletenica, plahta, jastuk, jorgan 120x60cm"},"content":{"rendered":"<p>Ogradica (oblak s o\u010dima i ustima, dvije zvijezde), pletenica, jastuk, jorgan, plahta.<br \/>\nSet odgovara kreveti\u0107u dimenzija 120x60cm.<br \/>\nMaterijal: 100% organski pamuk ranforce.<br \/>\nOdr\u017eavanje:<\/p>\n<ul>\n<li>Ma\u0161insko pranje na 30\u00b0<\/li>\n<li>Su\u0161enje na vjetru.<\/li>\n<li>Dozvoljeno peglanje.<\/li>\n<\/ul>\n<p>Promjena pri pranju na 30\u00b0C: po du\u017eini -1,2%, po \u0161irini -0,5% pH vodenog ekstrakta 8,6%<br \/>\nProizvo\u0111a\u010d: Nano DOO, Cerik, Br\u010dko<\/p>\n","protected":false},"excerpt":{"rendered":"<p>Ogradica (oblak s o\u010dima i ustima, dvije zvijezde), pletenica, jastuk, jorgan, plahta. Set odgovara kreveti\u0107u dimenzija 120x60cm. Materijal: 100% organski<\/p>\n","protected":false},"featured_media":38438,"template":"","meta":[],"product_brand":[],"product_cat":[317,513,517],"product_tag":[],"class_list":{"0":"post-38437","1":"product","2":"type-product","3":"status-publish","4":"has-post-thumbnail","6":"product_cat-baby-oprema","7":"product_cat-ogradice-za-krevetac","8":"product_cat-posteljina-za-djecu","10":"first","11":"instock","12":"shipping-taxable","13":"purchasable","14":"product-type-simple"},"_links":{"self":[{"href":"https:\/\/shop.nano.ba\/index.php\/wp-json\/wp\/v2\/product\/38437","targetHints":{"allow":["GET"]}}],"collection":[{"href":"https:\/\/shop.nano.ba\/index.php\/wp-json\/wp\/v2\/product"}],"about":[{"href":"https:\/\/shop.nano.ba\/index.php\/wp-json\/wp\/v2\/types\/product"}],"version-history":[{"count":1,"href":"https:\/\/shop.nano.ba\/index.php\/wp-json\/wp\/v2\/product\/38437\/revisions"}],"predecessor-version":[{"id":39448,"href":"https:\/\/shop.nano.ba\/index.php\/wp-json\/wp\/v2\/product\/38437\/revisions\/39448"}],"wp:featuredmedia":[{"embeddable":true,"href":"https:\/\/shop.nano.ba\/index.php\/wp-json\/wp\/v2\/media\/38438"}],"wp:attachment":[{"href":"https:\/\/shop.nano.ba\/index.php\/wp-json\/wp\/v2\/media?parent=38437"}],"wp:term":[{"taxonomy":"product_brand","embeddable":true,"href":"https:\/\/shop.nano.ba\/index.php\/wp-json\/wp\/v2\/product_brand?post=38437"},{"taxonomy":"product_cat","embeddable":true,"href":"https:\/\/shop.nano.ba\/index.php\/wp-json\/wp\/v2\/product_cat?post=38437"},{"taxonomy":"product_tag","embeddable":true,"href":"https:\/\/shop.nano.ba\/index.php\/wp-json\/wp\/v2\/product_tag?post=38437"}],"curies":[{"name":"wp","href":"https:\/\/api.w.org\/{rel}","templated":true}]}}