{"id":39106,"date":"2022-11-26T07:54:53","date_gmt":"2022-11-26T07:54:53","guid":{"rendered":"https:\/\/shop.nano.ba\/?post_type=product&#038;p=39106"},"modified":"2025-10-15T09:46:35","modified_gmt":"2025-10-15T09:46:35","slug":"set-plavi-bubble-ogradica-sa-tri-strane-pletenica-plahta-jastuk-i-jorgan120x60cm","status":"publish","type":"product","link":"https:\/\/shop.nano.ba\/index.php\/proizvod\/set-plavi-bubble-ogradica-sa-tri-strane-pletenica-plahta-jastuk-i-jorgan120x60cm\/","title":{"rendered":"Set Plavi Bubble-Ogradica sa tri strane, pletenica, plahta, jastuk i jorgan,120x60cm"},"content":{"rendered":"<p>Ogradica sa tri strane, pletenica, jastuk, jorgan, plahta.<br \/>\nSet odgovara kreveti\u0107u dimenzija 120x60cm.<br \/>\nMaterijal: 100% organski pamuk ranforce.<br \/>\nOdr\u017eavanje:<\/p>\n<ul>\n<li>Ma\u0161insko pranje na 30\u00b0<\/li>\n<li>Su\u0161enje na vjetru.<\/li>\n<li>Dozvoljeno peglanje.<\/li>\n<\/ul>\n<p>Promjena pri pranju na 30\u00b0C: po du\u017eini -1,2%, po \u0161irini -0,5% pH vodenog ekstrakta 8,6%<br \/>\nProizvo\u0111a\u010d: Nano DOO, Cerik, Br\u010dko<\/p>\n","protected":false},"excerpt":{"rendered":"<p>Ogradica sa tri strane, pletenica, jastuk, jorgan, plahta. Set odgovara kreveti\u0107u dimenzija 120x60cm. Materijal: 100% organski pamuk ranforce. Odr\u017eavanje: Ma\u0161insko<\/p>\n","protected":false},"featured_media":39107,"template":"","meta":[],"product_brand":[],"product_cat":[317,513],"product_tag":[],"class_list":{"0":"post-39106","1":"product","2":"type-product","3":"status-publish","4":"has-post-thumbnail","6":"product_cat-baby-oprema","7":"product_cat-ogradice-za-krevetac","9":"first","10":"instock","11":"shipping-taxable","12":"purchasable","13":"product-type-simple"},"_links":{"self":[{"href":"https:\/\/shop.nano.ba\/index.php\/wp-json\/wp\/v2\/product\/39106","targetHints":{"allow":["GET"]}}],"collection":[{"href":"https:\/\/shop.nano.ba\/index.php\/wp-json\/wp\/v2\/product"}],"about":[{"href":"https:\/\/shop.nano.ba\/index.php\/wp-json\/wp\/v2\/types\/product"}],"version-history":[{"count":1,"href":"https:\/\/shop.nano.ba\/index.php\/wp-json\/wp\/v2\/product\/39106\/revisions"}],"predecessor-version":[{"id":39108,"href":"https:\/\/shop.nano.ba\/index.php\/wp-json\/wp\/v2\/product\/39106\/revisions\/39108"}],"wp:featuredmedia":[{"embeddable":true,"href":"https:\/\/shop.nano.ba\/index.php\/wp-json\/wp\/v2\/media\/39107"}],"wp:attachment":[{"href":"https:\/\/shop.nano.ba\/index.php\/wp-json\/wp\/v2\/media?parent=39106"}],"wp:term":[{"taxonomy":"product_brand","embeddable":true,"href":"https:\/\/shop.nano.ba\/index.php\/wp-json\/wp\/v2\/product_brand?post=39106"},{"taxonomy":"product_cat","embeddable":true,"href":"https:\/\/shop.nano.ba\/index.php\/wp-json\/wp\/v2\/product_cat?post=39106"},{"taxonomy":"product_tag","embeddable":true,"href":"https:\/\/shop.nano.ba\/index.php\/wp-json\/wp\/v2\/product_tag?post=39106"}],"curies":[{"name":"wp","href":"https:\/\/api.w.org\/{rel}","templated":true}]}}