{"id":39151,"date":"2022-11-26T09:13:07","date_gmt":"2022-11-26T09:13:07","guid":{"rendered":"https:\/\/shop.nano.ba\/?post_type=product&#038;p=39151"},"modified":"2025-10-09T19:23:51","modified_gmt":"2025-10-09T19:23:51","slug":"jastuk-s-podacima-rodenja-bebe-zeleni-slon","status":"publish","type":"product","link":"https:\/\/shop.nano.ba\/index.php\/proizvod\/jastuk-s-podacima-rodenja-bebe-zeleni-slon\/","title":{"rendered":"Jastuk s podacima ro\u0111enja bebe Zeleni Slon"},"content":{"rendered":"<div dir=\"auto\">Jastuk dimenzija 30x30cm.<br \/>\nDigitalna \u0161tampa.<br \/>\nU napomenu (prilikom upisivanja podataka za dostavu) upi\u0161ite ime i podatke koje \u017eelite da printamo na jastuku.<\/div>\n<div dir=\"auto\">\n<p>Odr\u017eavanje:<\/p>\n<ul>\n<li>Ma\u0161insko pranje na 30\u00b0<\/li>\n<li>Su\u0161enje na vjetru.<\/li>\n<li>Dozvoljeno peglanje.<\/li>\n<\/ul>\n<p>Promjena pri pranju na 30\u00b0C: po du\u017eini -1,2%, po \u0161irini -0,5% pH vodenog ekstrakta 8,6%<br \/>\nProizvo\u0111a\u010d: Nano DOO, Cerik, Br\u010dko<\/p>\n<\/div>\n","protected":false},"excerpt":{"rendered":"<p>Jastuk dimenzija 30x30cm. Digitalna \u0161tampa. U napomenu (prilikom upisivanja podataka za dostavu) upi\u0161ite ime i podatke koje \u017eelite da printamo<\/p>\n","protected":false},"featured_media":39149,"template":"","meta":[],"product_brand":[],"product_cat":[317,659],"product_tag":[],"class_list":{"0":"post-39151","1":"product","2":"type-product","3":"status-publish","4":"has-post-thumbnail","6":"product_cat-baby-oprema","7":"product_cat-jastuci-za-bebe","9":"first","10":"instock","11":"shipping-taxable","12":"purchasable","13":"product-type-simple"},"_links":{"self":[{"href":"https:\/\/shop.nano.ba\/index.php\/wp-json\/wp\/v2\/product\/39151","targetHints":{"allow":["GET"]}}],"collection":[{"href":"https:\/\/shop.nano.ba\/index.php\/wp-json\/wp\/v2\/product"}],"about":[{"href":"https:\/\/shop.nano.ba\/index.php\/wp-json\/wp\/v2\/types\/product"}],"version-history":[{"count":1,"href":"https:\/\/shop.nano.ba\/index.php\/wp-json\/wp\/v2\/product\/39151\/revisions"}],"predecessor-version":[{"id":39152,"href":"https:\/\/shop.nano.ba\/index.php\/wp-json\/wp\/v2\/product\/39151\/revisions\/39152"}],"wp:featuredmedia":[{"embeddable":true,"href":"https:\/\/shop.nano.ba\/index.php\/wp-json\/wp\/v2\/media\/39149"}],"wp:attachment":[{"href":"https:\/\/shop.nano.ba\/index.php\/wp-json\/wp\/v2\/media?parent=39151"}],"wp:term":[{"taxonomy":"product_brand","embeddable":true,"href":"https:\/\/shop.nano.ba\/index.php\/wp-json\/wp\/v2\/product_brand?post=39151"},{"taxonomy":"product_cat","embeddable":true,"href":"https:\/\/shop.nano.ba\/index.php\/wp-json\/wp\/v2\/product_cat?post=39151"},{"taxonomy":"product_tag","embeddable":true,"href":"https:\/\/shop.nano.ba\/index.php\/wp-json\/wp\/v2\/product_tag?post=39151"}],"curies":[{"name":"wp","href":"https:\/\/api.w.org\/{rel}","templated":true}]}}