{"id":39590,"date":"2022-12-01T08:18:22","date_gmt":"2022-12-01T08:18:22","guid":{"rendered":"https:\/\/shop.nano.ba\/?post_type=product&#038;p=39590"},"modified":"2026-04-18T09:58:49","modified_gmt":"2026-04-18T09:58:49","slug":"nano-modulo-kolica-za-alat-sa-podesivim-dimenzijama","status":"publish","type":"product","link":"https:\/\/shop.nano.ba\/index.php\/proizvod\/nano-modulo-kolica-za-alat-sa-podesivim-dimenzijama\/","title":{"rendered":"Nano &#8220;Modulo&#8221; kolica za alat sa podesivim dimenzijama"},"content":{"rendered":"<h3><strong>Nano MODULO set od 3 kutije za alat sa pomi\u010dnim kolicima na to\u010dki\u0107ima idealan je za sve terenske radnike koji svakodnevno sa sobom nose velike koli\u010dine alata.<\/strong><\/h3>\n<h3>Dimenzije : 35 x 47 x 75 cm<br \/>\nMaterijal : \u010celik + PVC<br \/>\nZemlja porijekla : Turska<br \/>\nPakovanje : kartonska kutija<\/h3>\n<h2><strong>1.MODULARNOST :<\/strong><\/h2>\n<p><a href=\"https:\/\/shop.nano.ba\/wp-content\/uploads\/2022\/12\/nanomodulo9-compress.jpg\"><img loading=\"lazy\" decoding=\"async\" class=\" wd-lazy-fade wp-image-39604 size-full aligncenter\" src=\"https:\/\/shop.nano.ba\/wp-content\/themes\/woodmart\/images\/lazy.svg\" data-src=\"https:\/\/shop.nano.ba\/wp-content\/uploads\/2022\/12\/nanomodulo9-compress.jpg\" alt=\"\" width=\"405\" height=\"720\" \/><\/a><\/p>\n<h3>Mogu\u0107nost sklapanja i rasklapanja kompletnog sistema pru\u017ea vam jedinstven na\u010din kori\u0161tenja svih komponenti po potrebi, ukoliko vam je potreban samo najmanji dio kolica mo\u017eete ga koristiti zasebno i sli\u010dno.<\/h3>\n<p><a href=\"https:\/\/shop.nano.ba\/wp-content\/uploads\/2022\/12\/nanomodulo4-compress.jpg\"><img loading=\"lazy\" decoding=\"async\" class=\" wd-lazy-fade aligncenter wp-image-39599 size-full\" src=\"https:\/\/shop.nano.ba\/wp-content\/themes\/woodmart\/images\/lazy.svg\" data-src=\"https:\/\/shop.nano.ba\/wp-content\/uploads\/2022\/12\/nanomodulo4-compress.jpg\" alt=\"\" width=\"540\" height=\"720\" \/><\/a><\/p>\n<h2><strong>2.SKALABILNOST :<a href=\"https:\/\/shop.nano.ba\/wp-content\/uploads\/2022\/12\/nanomodulo-1-compress.jpg\"><img loading=\"lazy\" decoding=\"async\" class=\" wd-lazy-fade aligncenter wp-image-39596 size-full\" src=\"https:\/\/shop.nano.ba\/wp-content\/themes\/woodmart\/images\/lazy.svg\" data-src=\"https:\/\/shop.nano.ba\/wp-content\/uploads\/2022\/12\/nanomodulo-1-compress.jpg\" alt=\"\" width=\"540\" height=\"720\" \/><\/a><\/strong><\/h2>\n<h3>Svi NANO MODULO setovi su kompatibilni jedan sa drugim, tako da, ukoliko posjedujete vi\u0161e od jednog seta, mo\u017eete kreirati vlastite kombinacije po potrebama u datom trenutku, ne postoji ograni\u010denje koliko zasebnih modula mo\u017eete uklopiti u jedna kolica!<\/h3>\n<h2><strong>3.VRHUNSKI KVALITET I GARANCIJA! :<\/strong><\/h2>\n<h2><a href=\"https:\/\/shop.nano.ba\/wp-content\/uploads\/2022\/12\/nanomodulo8-compress.jpg\"><img loading=\"lazy\" decoding=\"async\" class=\" wd-lazy-fade aligncenter wp-image-39603 size-full\" src=\"https:\/\/shop.nano.ba\/wp-content\/themes\/woodmart\/images\/lazy.svg\" data-src=\"https:\/\/shop.nano.ba\/wp-content\/uploads\/2022\/12\/nanomodulo8-compress.jpg\" alt=\"\" width=\"405\" height=\"720\" \/><\/a><\/h2>\n<h3>Svi NANO MODULO setovi ra\u0111eni su samo od najboljih materijala koji garantuju dugogodi\u0161nju stabilnost, \u010dvrsto\u0107u i maksimalnu iskoristivost u radu. Zemlja porijekla je Turska.<\/h3>\n<h2><a href=\"https:\/\/shop.nano.ba\/wp-content\/uploads\/2022\/12\/nanomodulo7-compress.jpg\"><img loading=\"lazy\" decoding=\"async\" class=\" wd-lazy-fade aligncenter wp-image-39602 size-full\" src=\"https:\/\/shop.nano.ba\/wp-content\/themes\/woodmart\/images\/lazy.svg\" data-src=\"https:\/\/shop.nano.ba\/wp-content\/uploads\/2022\/12\/nanomodulo7-compress.jpg\" alt=\"\" width=\"405\" height=\"720\" \/><\/a> <a href=\"https:\/\/shop.nano.ba\/wp-content\/uploads\/2022\/12\/nanomodulo6-compress.jpg\"><img loading=\"lazy\" decoding=\"async\" class=\" wd-lazy-fade aligncenter wp-image-39601 size-full\" src=\"https:\/\/shop.nano.ba\/wp-content\/themes\/woodmart\/images\/lazy.svg\" data-src=\"https:\/\/shop.nano.ba\/wp-content\/uploads\/2022\/12\/nanomodulo6-compress.jpg\" alt=\"\" width=\"405\" height=\"720\" \/><\/a> <a href=\"https:\/\/shop.nano.ba\/wp-content\/uploads\/2022\/12\/nanomodulo5-compress.jpg\"><img loading=\"lazy\" decoding=\"async\" class=\" wd-lazy-fade aligncenter wp-image-39600 size-full\" src=\"https:\/\/shop.nano.ba\/wp-content\/themes\/woodmart\/images\/lazy.svg\" data-src=\"https:\/\/shop.nano.ba\/wp-content\/uploads\/2022\/12\/nanomodulo5-compress.jpg\" alt=\"\" width=\"405\" height=\"720\" \/><\/a> <a href=\"https:\/\/shop.nano.ba\/wp-content\/uploads\/2022\/12\/nanomodulo3-1-compress.jpg\"><img loading=\"lazy\" decoding=\"async\" class=\" wd-lazy-fade aligncenter wp-image-39598 size-full\" src=\"https:\/\/shop.nano.ba\/wp-content\/themes\/woodmart\/images\/lazy.svg\" data-src=\"https:\/\/shop.nano.ba\/wp-content\/uploads\/2022\/12\/nanomodulo3-1-compress.jpg\" alt=\"\" width=\"960\" height=\"720\" \/><\/a> <a href=\"https:\/\/shop.nano.ba\/wp-content\/uploads\/2022\/12\/nanomodulo2-1-compress.jpg\"><img loading=\"lazy\" decoding=\"async\" class=\" wd-lazy-fade wp-image-39597 size-full aligncenter\" src=\"https:\/\/shop.nano.ba\/wp-content\/themes\/woodmart\/images\/lazy.svg\" data-src=\"https:\/\/shop.nano.ba\/wp-content\/uploads\/2022\/12\/nanomodulo2-1-compress.jpg\" alt=\"\" width=\"540\" height=\"720\" \/><\/a><\/h2>\n","protected":false},"excerpt":{"rendered":"<p>Nano MODULO set od 3 kutije za alat sa pomi\u010dnim kolicima na to\u010dki\u0107ima idealan je za sve terenske radnike koji<\/p>\n","protected":false},"featured_media":39592,"template":"","meta":[],"product_brand":[],"product_cat":[337,687],"product_tag":[],"class_list":{"0":"post-39590","1":"product","2":"type-product","3":"status-publish","4":"has-post-thumbnail","6":"product_cat-alati","7":"product_cat-kolica","9":"first","10":"instock","11":"shipping-taxable","12":"purchasable","13":"product-type-simple"},"_links":{"self":[{"href":"https:\/\/shop.nano.ba\/index.php\/wp-json\/wp\/v2\/product\/39590","targetHints":{"allow":["GET"]}}],"collection":[{"href":"https:\/\/shop.nano.ba\/index.php\/wp-json\/wp\/v2\/product"}],"about":[{"href":"https:\/\/shop.nano.ba\/index.php\/wp-json\/wp\/v2\/types\/product"}],"version-history":[{"count":3,"href":"https:\/\/shop.nano.ba\/index.php\/wp-json\/wp\/v2\/product\/39590\/revisions"}],"predecessor-version":[{"id":39618,"href":"https:\/\/shop.nano.ba\/index.php\/wp-json\/wp\/v2\/product\/39590\/revisions\/39618"}],"wp:featuredmedia":[{"embeddable":true,"href":"https:\/\/shop.nano.ba\/index.php\/wp-json\/wp\/v2\/media\/39592"}],"wp:attachment":[{"href":"https:\/\/shop.nano.ba\/index.php\/wp-json\/wp\/v2\/media?parent=39590"}],"wp:term":[{"taxonomy":"product_brand","embeddable":true,"href":"https:\/\/shop.nano.ba\/index.php\/wp-json\/wp\/v2\/product_brand?post=39590"},{"taxonomy":"product_cat","embeddable":true,"href":"https:\/\/shop.nano.ba\/index.php\/wp-json\/wp\/v2\/product_cat?post=39590"},{"taxonomy":"product_tag","embeddable":true,"href":"https:\/\/shop.nano.ba\/index.php\/wp-json\/wp\/v2\/product_tag?post=39590"}],"curies":[{"name":"wp","href":"https:\/\/api.w.org\/{rel}","templated":true}]}}