{"id":40345,"date":"2022-12-15T13:22:21","date_gmt":"2022-12-15T13:22:21","guid":{"rendered":"https:\/\/shop.nano.ba\/?post_type=product&#038;p=40345"},"modified":"2026-03-10T12:45:32","modified_gmt":"2026-03-10T12:45:32","slug":"set-bumper-zeleni-dinosauri-ogradica-sa-tri-strane-pletenica-plahta-jastuk-jorgan-i-dva-ukrasna-jastuka-120x60cm","status":"publish","type":"product","link":"https:\/\/shop.nano.ba\/index.php\/proizvod\/set-bumper-zeleni-dinosauri-ogradica-sa-tri-strane-pletenica-plahta-jastuk-jorgan-i-dva-ukrasna-jastuka-120x60cm\/","title":{"rendered":"Set Bumper Plava i Srca &#8211; Ogradica sa tri strane, pletenica, plahta, jastuk, jorgan i dva ukrasna jastuka"},"content":{"rendered":"<p>Najnje\u017eniji set za krevetac \u2013 Visoko kvalitetna ogradica sa tri strane, pletenica, jastuk, jorgan, plahta i dva ukrasna jastuka.<\/p>\n<p>Sigurna je za\u0161tita za Va\u0161u bebu od udaraca prilikom spavanja. Ogradica je pro\u0161ivena s velikom pa\u017enjom do najmanjeg detalja, bez rajfe\u0161lusa i dugmi\u0107a. Vanjski materijal je 100% organski pamuk, a iznutra je punjena antialergijskim silikonskim pahuljicama. Ogradica odgovara i ovalnim\/okruglim krevetima.<\/p>\n<p><strong>Materijal:<\/strong><\/p>\n<ul>\n<li>100% organski pamuk ranforce.<\/li>\n<li>Punjenje: antialergijska silikonska pahuljica.<\/li>\n<\/ul>\n<p>Na\u0161 pamuk posjeduje OEKO-TEX\u00ae STANDARD 100 certifikat.<\/p>\n<p><strong>Odr\u017eavanje:<\/strong><\/p>\n<ul>\n<li>Ma\u0161insko pranje na 30\u00b0.<\/li>\n<li>Su\u0161enje na vjetru.<\/li>\n<li>Dozvoljeno peglanje.<\/li>\n<\/ul>\n<p>Set odgovara kreveti\u0107u dimenzija\u00a0<strong>120x60cm<\/strong>.<\/p>\n<p>Promjena pri pranju na 30\u00b0C: po du\u017eini -1,2%, po \u0161irini -0,5% pH vodenog ekstrakta 8,6%<br \/>\nProizvo\u0111a\u010d: Nano DOO, Cerik, Br\u010dko<\/p>\n","protected":false},"excerpt":{"rendered":"<p>Najnje\u017eniji set za krevetac \u2013 Visoko kvalitetna ogradica sa tri strane, pletenica, jastuk, jorgan, plahta i dva ukrasna jastuka. Sigurna<\/p>\n","protected":false},"featured_media":133717,"template":"","meta":[],"product_brand":[],"product_cat":[317,800,513,806,900,517],"product_tag":[],"class_list":{"0":"post-40345","1":"product","2":"type-product","3":"status-publish","4":"has-post-thumbnail","6":"product_cat-baby-oprema","7":"product_cat-boje-i-dezeni","8":"product_cat-ogradice-za-krevetac","9":"product_cat-plava","10":"product_cat-plava-srca","11":"product_cat-posteljina-za-djecu","13":"first","14":"instock","15":"shipping-taxable","16":"purchasable","17":"product-type-simple"},"_links":{"self":[{"href":"https:\/\/shop.nano.ba\/index.php\/wp-json\/wp\/v2\/product\/40345","targetHints":{"allow":["GET"]}}],"collection":[{"href":"https:\/\/shop.nano.ba\/index.php\/wp-json\/wp\/v2\/product"}],"about":[{"href":"https:\/\/shop.nano.ba\/index.php\/wp-json\/wp\/v2\/types\/product"}],"version-history":[{"count":4,"href":"https:\/\/shop.nano.ba\/index.php\/wp-json\/wp\/v2\/product\/40345\/revisions"}],"predecessor-version":[{"id":133718,"href":"https:\/\/shop.nano.ba\/index.php\/wp-json\/wp\/v2\/product\/40345\/revisions\/133718"}],"wp:featuredmedia":[{"embeddable":true,"href":"https:\/\/shop.nano.ba\/index.php\/wp-json\/wp\/v2\/media\/133717"}],"wp:attachment":[{"href":"https:\/\/shop.nano.ba\/index.php\/wp-json\/wp\/v2\/media?parent=40345"}],"wp:term":[{"taxonomy":"product_brand","embeddable":true,"href":"https:\/\/shop.nano.ba\/index.php\/wp-json\/wp\/v2\/product_brand?post=40345"},{"taxonomy":"product_cat","embeddable":true,"href":"https:\/\/shop.nano.ba\/index.php\/wp-json\/wp\/v2\/product_cat?post=40345"},{"taxonomy":"product_tag","embeddable":true,"href":"https:\/\/shop.nano.ba\/index.php\/wp-json\/wp\/v2\/product_tag?post=40345"}],"curies":[{"name":"wp","href":"https:\/\/api.w.org\/{rel}","templated":true}]}}