{"id":4141,"date":"2019-12-18T20:46:17","date_gmt":"2019-12-18T20:46:17","guid":{"rendered":"https:\/\/shop.nano.ba\/?post_type=product&#038;p=4141"},"modified":"2025-12-10T10:29:58","modified_gmt":"2025-12-10T10:29:58","slug":"dragon-solja-od-nehrdjajuceg-zeljeza","status":"publish","type":"product","link":"https:\/\/shop.nano.ba\/index.php\/proizvod\/dragon-solja-od-nehrdjajuceg-zeljeza\/","title":{"rendered":"&#8220;Dragon&#8221; \u0161olja od nehr\u0111aju\u0107eg \u017eeljeza"},"content":{"rendered":"","protected":false},"excerpt":{"rendered":"<p>dragon<\/p>\n","protected":false},"featured_media":123695,"template":"","meta":[],"product_brand":[],"product_cat":[63,301],"product_tag":[],"class_list":{"0":"post-4141","1":"product","2":"type-product","3":"status-publish","4":"has-post-thumbnail","6":"product_cat-keramicke-solje","7":"product_cat-metalne-solje","9":"first","10":"instock","11":"shipping-taxable","12":"purchasable","13":"product-type-simple"},"_links":{"self":[{"href":"https:\/\/shop.nano.ba\/index.php\/wp-json\/wp\/v2\/product\/4141","targetHints":{"allow":["GET"]}}],"collection":[{"href":"https:\/\/shop.nano.ba\/index.php\/wp-json\/wp\/v2\/product"}],"about":[{"href":"https:\/\/shop.nano.ba\/index.php\/wp-json\/wp\/v2\/types\/product"}],"version-history":[{"count":1,"href":"https:\/\/shop.nano.ba\/index.php\/wp-json\/wp\/v2\/product\/4141\/revisions"}],"predecessor-version":[{"id":41460,"href":"https:\/\/shop.nano.ba\/index.php\/wp-json\/wp\/v2\/product\/4141\/revisions\/41460"}],"wp:featuredmedia":[{"embeddable":true,"href":"https:\/\/shop.nano.ba\/index.php\/wp-json\/wp\/v2\/media\/123695"}],"wp:attachment":[{"href":"https:\/\/shop.nano.ba\/index.php\/wp-json\/wp\/v2\/media?parent=4141"}],"wp:term":[{"taxonomy":"product_brand","embeddable":true,"href":"https:\/\/shop.nano.ba\/index.php\/wp-json\/wp\/v2\/product_brand?post=4141"},{"taxonomy":"product_cat","embeddable":true,"href":"https:\/\/shop.nano.ba\/index.php\/wp-json\/wp\/v2\/product_cat?post=4141"},{"taxonomy":"product_tag","embeddable":true,"href":"https:\/\/shop.nano.ba\/index.php\/wp-json\/wp\/v2\/product_tag?post=4141"}],"curies":[{"name":"wp","href":"https:\/\/api.w.org\/{rel}","templated":true}]}}