{"id":41453,"date":"2023-01-12T08:01:10","date_gmt":"2023-01-12T08:01:10","guid":{"rendered":"https:\/\/shop.nano.ba\/?post_type=product&#038;p=41453"},"modified":"2025-10-12T10:39:06","modified_gmt":"2025-10-12T10:39:06","slug":"skull-3d-grey-solja-od-nehrdajuceg-celika","status":"publish","type":"product","link":"https:\/\/shop.nano.ba\/index.php\/proizvod\/skull-3d-grey-solja-od-nehrdajuceg-celika\/","title":{"rendered":"&#8220;Skull 3D GREY&#8221; \u0161olja od nehr\u0111aju\u0107eg \u010delika"},"content":{"rendered":"","protected":false},"excerpt":{"rendered":"<p>Skull<\/p>\n","protected":false},"featured_media":41454,"template":"","meta":[],"product_brand":[],"product_cat":[63,301],"product_tag":[84,82,80],"class_list":{"0":"post-41453","1":"product","2":"type-product","3":"status-publish","4":"has-post-thumbnail","6":"product_cat-keramicke-solje","7":"product_cat-metalne-solje","8":"product_tag-gothic","9":"product_tag-lobanja","10":"product_tag-skull","12":"first","13":"instock","14":"shipping-taxable","15":"purchasable","16":"product-type-simple"},"_links":{"self":[{"href":"https:\/\/shop.nano.ba\/index.php\/wp-json\/wp\/v2\/product\/41453","targetHints":{"allow":["GET"]}}],"collection":[{"href":"https:\/\/shop.nano.ba\/index.php\/wp-json\/wp\/v2\/product"}],"about":[{"href":"https:\/\/shop.nano.ba\/index.php\/wp-json\/wp\/v2\/types\/product"}],"version-history":[{"count":1,"href":"https:\/\/shop.nano.ba\/index.php\/wp-json\/wp\/v2\/product\/41453\/revisions"}],"predecessor-version":[{"id":41455,"href":"https:\/\/shop.nano.ba\/index.php\/wp-json\/wp\/v2\/product\/41453\/revisions\/41455"}],"wp:featuredmedia":[{"embeddable":true,"href":"https:\/\/shop.nano.ba\/index.php\/wp-json\/wp\/v2\/media\/41454"}],"wp:attachment":[{"href":"https:\/\/shop.nano.ba\/index.php\/wp-json\/wp\/v2\/media?parent=41453"}],"wp:term":[{"taxonomy":"product_brand","embeddable":true,"href":"https:\/\/shop.nano.ba\/index.php\/wp-json\/wp\/v2\/product_brand?post=41453"},{"taxonomy":"product_cat","embeddable":true,"href":"https:\/\/shop.nano.ba\/index.php\/wp-json\/wp\/v2\/product_cat?post=41453"},{"taxonomy":"product_tag","embeddable":true,"href":"https:\/\/shop.nano.ba\/index.php\/wp-json\/wp\/v2\/product_tag?post=41453"}],"curies":[{"name":"wp","href":"https:\/\/api.w.org\/{rel}","templated":true}]}}