{"id":41506,"date":"2023-01-12T11:55:10","date_gmt":"2023-01-12T11:55:10","guid":{"rendered":"https:\/\/shop.nano.ba\/?post_type=product&#038;p=41506"},"modified":"2024-09-24T12:37:45","modified_gmt":"2024-09-24T12:37:45","slug":"saint-tree-solja-od-nehrdajuceg-celika","status":"publish","type":"product","link":"https:\/\/shop.nano.ba\/index.php\/proizvod\/saint-tree-solja-od-nehrdajuceg-celika\/","title":{"rendered":"&#8220;Saint Tree&#8221; \u0161olja od nehr\u0111aju\u0107eg \u010delika"},"content":{"rendered":"","protected":false},"excerpt":{"rendered":"<p>helmetskull<\/p>\n","protected":false},"featured_media":41507,"template":"","meta":[],"product_brand":[],"product_cat":[63,301],"product_tag":[],"class_list":{"0":"post-41506","1":"product","2":"type-product","3":"status-publish","4":"has-post-thumbnail","6":"product_cat-keramicke-solje","7":"product_cat-metalne-solje","9":"first","10":"instock","11":"shipping-taxable","12":"purchasable","13":"product-type-simple"},"_links":{"self":[{"href":"https:\/\/shop.nano.ba\/index.php\/wp-json\/wp\/v2\/product\/41506","targetHints":{"allow":["GET"]}}],"collection":[{"href":"https:\/\/shop.nano.ba\/index.php\/wp-json\/wp\/v2\/product"}],"about":[{"href":"https:\/\/shop.nano.ba\/index.php\/wp-json\/wp\/v2\/types\/product"}],"version-history":[{"count":1,"href":"https:\/\/shop.nano.ba\/index.php\/wp-json\/wp\/v2\/product\/41506\/revisions"}],"predecessor-version":[{"id":41508,"href":"https:\/\/shop.nano.ba\/index.php\/wp-json\/wp\/v2\/product\/41506\/revisions\/41508"}],"wp:featuredmedia":[{"embeddable":true,"href":"https:\/\/shop.nano.ba\/index.php\/wp-json\/wp\/v2\/media\/41507"}],"wp:attachment":[{"href":"https:\/\/shop.nano.ba\/index.php\/wp-json\/wp\/v2\/media?parent=41506"}],"wp:term":[{"taxonomy":"product_brand","embeddable":true,"href":"https:\/\/shop.nano.ba\/index.php\/wp-json\/wp\/v2\/product_brand?post=41506"},{"taxonomy":"product_cat","embeddable":true,"href":"https:\/\/shop.nano.ba\/index.php\/wp-json\/wp\/v2\/product_cat?post=41506"},{"taxonomy":"product_tag","embeddable":true,"href":"https:\/\/shop.nano.ba\/index.php\/wp-json\/wp\/v2\/product_tag?post=41506"}],"curies":[{"name":"wp","href":"https:\/\/api.w.org\/{rel}","templated":true}]}}