{"id":41849,"date":"2023-01-15T14:41:45","date_gmt":"2023-01-15T14:41:45","guid":{"rendered":"https:\/\/shop.nano.ba\/?post_type=product&#038;p=41849"},"modified":"2026-02-04T07:08:11","modified_gmt":"2026-02-04T07:08:11","slug":"skull-octopus-goblet-od-nehrdajuceg-celika","status":"publish","type":"product","link":"https:\/\/shop.nano.ba\/index.php\/proizvod\/skull-octopus-goblet-od-nehrdajuceg-celika\/","title":{"rendered":"&#8220;Skull Octopus&#8221; goblet od nehr\u0111aju\u0107eg \u010delika"},"content":{"rendered":"","protected":false},"excerpt":{"rendered":"<p>helmetskull<\/p>\n","protected":false},"featured_media":41850,"template":"","meta":[],"product_brand":[],"product_cat":[63,301],"product_tag":[],"class_list":{"0":"post-41849","1":"product","2":"type-product","3":"status-publish","4":"has-post-thumbnail","6":"product_cat-keramicke-solje","7":"product_cat-metalne-solje","9":"first","10":"instock","11":"shipping-taxable","12":"purchasable","13":"product-type-simple"},"_links":{"self":[{"href":"https:\/\/shop.nano.ba\/index.php\/wp-json\/wp\/v2\/product\/41849","targetHints":{"allow":["GET"]}}],"collection":[{"href":"https:\/\/shop.nano.ba\/index.php\/wp-json\/wp\/v2\/product"}],"about":[{"href":"https:\/\/shop.nano.ba\/index.php\/wp-json\/wp\/v2\/types\/product"}],"version-history":[{"count":1,"href":"https:\/\/shop.nano.ba\/index.php\/wp-json\/wp\/v2\/product\/41849\/revisions"}],"predecessor-version":[{"id":41851,"href":"https:\/\/shop.nano.ba\/index.php\/wp-json\/wp\/v2\/product\/41849\/revisions\/41851"}],"wp:featuredmedia":[{"embeddable":true,"href":"https:\/\/shop.nano.ba\/index.php\/wp-json\/wp\/v2\/media\/41850"}],"wp:attachment":[{"href":"https:\/\/shop.nano.ba\/index.php\/wp-json\/wp\/v2\/media?parent=41849"}],"wp:term":[{"taxonomy":"product_brand","embeddable":true,"href":"https:\/\/shop.nano.ba\/index.php\/wp-json\/wp\/v2\/product_brand?post=41849"},{"taxonomy":"product_cat","embeddable":true,"href":"https:\/\/shop.nano.ba\/index.php\/wp-json\/wp\/v2\/product_cat?post=41849"},{"taxonomy":"product_tag","embeddable":true,"href":"https:\/\/shop.nano.ba\/index.php\/wp-json\/wp\/v2\/product_tag?post=41849"}],"curies":[{"name":"wp","href":"https:\/\/api.w.org\/{rel}","templated":true}]}}