{"id":42809,"date":"2023-02-08T13:22:32","date_gmt":"2023-02-08T13:22:32","guid":{"rendered":"https:\/\/shop.nano.ba\/?post_type=product&#038;p=42809"},"modified":"2025-10-09T06:49:48","modified_gmt":"2025-10-09T06:49:48","slug":"set-jastuk-medo-s-usima-i-dekica","status":"publish","type":"product","link":"https:\/\/shop.nano.ba\/index.php\/proizvod\/set-jastuk-medo-s-usima-i-dekica\/","title":{"rendered":"Set Pletenina Mint CikCak &#8211; Jastuk medo s u\u0161ima i dekica"},"content":{"rendered":"<p>U setu dobijate:<br \/>\nRavni jastuk sa u\u0161ima<br \/>\nDekicu dimenzija 80x80cm<\/p>\n<p>Na dekicu je mogu\u0107e raditi i vez imena. Potrebno je u ko\u0161aricu ubaciti i uslugu veza, te prilikom upisivanja podataka za slanje, navesti ime djeteta.<\/p>\n<p>Materijal: 100% organski pamuk ranforce.<br \/>\nOdr\u017eavanje:<\/p>\n<ul>\n<li>Ma\u0161insko pranje na 30\u00b0.<\/li>\n<li>Su\u0161enje na vjetru.<\/li>\n<li>Dozvoljeno peglanje.<\/li>\n<\/ul>\n<p>Promjena pri pranju na 30\u00b0C: po du\u017eini -1,2%, po \u0161irini -0,5% pH vodenog ekstrakta 8,6%<br \/>\nProizvo\u0111a\u010d: Nano DOO, Cerik, Br\u010dko.<\/p>\n","protected":false},"excerpt":{"rendered":"<p>U setu dobijate: Ravni jastuk sa u\u0161ima Dekicu dimenzija 80x80cm Na dekicu je mogu\u0107e raditi i vez imena. Potrebno je<\/p>\n","protected":false},"featured_media":116710,"template":"","meta":[],"product_brand":[],"product_cat":[317,514,671],"product_tag":[],"class_list":{"0":"post-42809","1":"product","2":"type-product","3":"status-publish","4":"has-post-thumbnail","6":"product_cat-baby-oprema","7":"product_cat-deke-i-prekrivaci","8":"product_cat-set-dekica-i-jastuk","10":"first","11":"instock","12":"shipping-taxable","13":"purchasable","14":"product-type-simple"},"_links":{"self":[{"href":"https:\/\/shop.nano.ba\/index.php\/wp-json\/wp\/v2\/product\/42809","targetHints":{"allow":["GET"]}}],"collection":[{"href":"https:\/\/shop.nano.ba\/index.php\/wp-json\/wp\/v2\/product"}],"about":[{"href":"https:\/\/shop.nano.ba\/index.php\/wp-json\/wp\/v2\/types\/product"}],"version-history":[{"count":3,"href":"https:\/\/shop.nano.ba\/index.php\/wp-json\/wp\/v2\/product\/42809\/revisions"}],"predecessor-version":[{"id":116709,"href":"https:\/\/shop.nano.ba\/index.php\/wp-json\/wp\/v2\/product\/42809\/revisions\/116709"}],"wp:featuredmedia":[{"embeddable":true,"href":"https:\/\/shop.nano.ba\/index.php\/wp-json\/wp\/v2\/media\/116710"}],"wp:attachment":[{"href":"https:\/\/shop.nano.ba\/index.php\/wp-json\/wp\/v2\/media?parent=42809"}],"wp:term":[{"taxonomy":"product_brand","embeddable":true,"href":"https:\/\/shop.nano.ba\/index.php\/wp-json\/wp\/v2\/product_brand?post=42809"},{"taxonomy":"product_cat","embeddable":true,"href":"https:\/\/shop.nano.ba\/index.php\/wp-json\/wp\/v2\/product_cat?post=42809"},{"taxonomy":"product_tag","embeddable":true,"href":"https:\/\/shop.nano.ba\/index.php\/wp-json\/wp\/v2\/product_tag?post=42809"}],"curies":[{"name":"wp","href":"https:\/\/api.w.org\/{rel}","templated":true}]}}