{"id":44877,"date":"2023-03-24T11:05:08","date_gmt":"2023-03-24T11:05:08","guid":{"rendered":"https:\/\/shop.nano.ba\/?post_type=product&#038;p=44877"},"modified":"2023-06-10T11:44:14","modified_gmt":"2023-06-10T11:44:14","slug":"plahta-na-gumu-za-madrac-160x70cm-100-pamuk","status":"publish","type":"product","link":"https:\/\/shop.nano.ba\/index.php\/proizvod\/plahta-na-gumu-za-madrac-160x70cm-100-pamuk\/","title":{"rendered":"Plahta na gumu za madrac 160x70cm 100% pamuk+"},"content":{"rendered":"<p>Plahta na gumu za madrac 160x70cm.<\/p>\n<p>Materijal: Pamuk sa elastinom.<\/p>\n<div dir=\"auto\">\n<p>Odr\u017eavanje:<\/p>\n<ul>\n<li>Ma\u0161insko pranje na 30\u00b0<\/li>\n<li>Su\u0161enje na vjetru.<\/li>\n<li>Nije dozvoljeno peglanje.<\/li>\n<\/ul>\n<p>Promjena pri pranju na 30\u00b0C: po du\u017eini -1,2%, po \u0161irini -0,5% pH vodenog ekstrakta 8,6%<br \/>\nProizvo\u0111a\u010d: Nano DOO, Cerik, Br\u010dko<\/p>\n<\/div>\n","protected":false},"excerpt":{"rendered":"<p>Plahta na gumu za madrac 160x70cm. Materijal: Pamuk sa elastinom. Odr\u017eavanje: Ma\u0161insko pranje na 30\u00b0 Su\u0161enje na vjetru. Nije dozvoljeno<\/p>\n","protected":false},"featured_media":22859,"template":"","meta":[],"product_brand":[],"product_cat":[317,517],"product_tag":[],"class_list":{"0":"post-44877","1":"product","2":"type-product","3":"status-publish","4":"has-post-thumbnail","6":"product_cat-baby-oprema","7":"product_cat-posteljina-za-djecu","9":"first","10":"instock","11":"shipping-taxable","12":"purchasable","13":"product-type-simple"},"_links":{"self":[{"href":"https:\/\/shop.nano.ba\/index.php\/wp-json\/wp\/v2\/product\/44877","targetHints":{"allow":["GET"]}}],"collection":[{"href":"https:\/\/shop.nano.ba\/index.php\/wp-json\/wp\/v2\/product"}],"about":[{"href":"https:\/\/shop.nano.ba\/index.php\/wp-json\/wp\/v2\/types\/product"}],"version-history":[{"count":1,"href":"https:\/\/shop.nano.ba\/index.php\/wp-json\/wp\/v2\/product\/44877\/revisions"}],"predecessor-version":[{"id":44879,"href":"https:\/\/shop.nano.ba\/index.php\/wp-json\/wp\/v2\/product\/44877\/revisions\/44879"}],"wp:featuredmedia":[{"embeddable":true,"href":"https:\/\/shop.nano.ba\/index.php\/wp-json\/wp\/v2\/media\/22859"}],"wp:attachment":[{"href":"https:\/\/shop.nano.ba\/index.php\/wp-json\/wp\/v2\/media?parent=44877"}],"wp:term":[{"taxonomy":"product_brand","embeddable":true,"href":"https:\/\/shop.nano.ba\/index.php\/wp-json\/wp\/v2\/product_brand?post=44877"},{"taxonomy":"product_cat","embeddable":true,"href":"https:\/\/shop.nano.ba\/index.php\/wp-json\/wp\/v2\/product_cat?post=44877"},{"taxonomy":"product_tag","embeddable":true,"href":"https:\/\/shop.nano.ba\/index.php\/wp-json\/wp\/v2\/product_tag?post=44877"}],"curies":[{"name":"wp","href":"https:\/\/api.w.org\/{rel}","templated":true}]}}