{"id":47722,"date":"2023-06-02T12:00:12","date_gmt":"2023-06-02T12:00:12","guid":{"rendered":"https:\/\/shop.nano.ba\/?post_type=product&#038;p=47722"},"modified":"2023-06-10T11:41:49","modified_gmt":"2023-06-10T11:41:49","slug":"bademantil-od-vafela-100-pamuk-sivi-sa-vezom-imena","status":"publish","type":"product","link":"https:\/\/shop.nano.ba\/index.php\/proizvod\/bademantil-od-vafela-100-pamuk-sivi-sa-vezom-imena\/","title":{"rendered":"Bademantil od vafela 100% pamuk &#8211; Sivi &#8211; sa vezom imena"},"content":{"rendered":"<p>Nano Baby bademantil je sa\u0161iven u na\u0161oj proizvodnji od 100% organskog pamuka.<\/p>\n<p>Vafel je pamu\u010dna reljefna tkanina, dobre upijaju\u0107e mo\u0107i.<\/p>\n<div dir=\"auto\">\n<p>Odr\u017eavanje:<\/p>\n<ul>\n<li>Ma\u0161insko pranje na 30\u00b0<\/li>\n<li>Su\u0161enje na vjetru.<\/li>\n<li>Nije dozvoljeno peglanje.<\/li>\n<\/ul>\n<p>Promjena pri pranju na 30\u00b0C: po du\u017eini -1,2%, po \u0161irini -0,5% pH vodenog ekstrakta 8,6%<br \/>\nProizvo\u0111a\u010d: Nano DOO, Cerik, Br\u010dko<\/p>\n<\/div>\n","protected":false},"excerpt":{"rendered":"<p>Nano Baby bademantil je sa\u0161iven u na\u0161oj proizvodnji od 100% organskog pamuka. Vafel je pamu\u010dna reljefna tkanina, dobre upijaju\u0107e mo\u0107i.<\/p>\n","protected":false},"featured_media":45543,"template":"","meta":[],"product_brand":[],"product_cat":[317,589],"product_tag":[],"class_list":{"0":"post-47722","1":"product","2":"type-product","3":"status-publish","4":"has-post-thumbnail","6":"product_cat-baby-oprema","7":"product_cat-bademantili","9":"first","10":"instock","11":"shipping-taxable","12":"purchasable","13":"product-type-simple"},"_links":{"self":[{"href":"https:\/\/shop.nano.ba\/index.php\/wp-json\/wp\/v2\/product\/47722","targetHints":{"allow":["GET"]}}],"collection":[{"href":"https:\/\/shop.nano.ba\/index.php\/wp-json\/wp\/v2\/product"}],"about":[{"href":"https:\/\/shop.nano.ba\/index.php\/wp-json\/wp\/v2\/types\/product"}],"version-history":[{"count":2,"href":"https:\/\/shop.nano.ba\/index.php\/wp-json\/wp\/v2\/product\/47722\/revisions"}],"predecessor-version":[{"id":47725,"href":"https:\/\/shop.nano.ba\/index.php\/wp-json\/wp\/v2\/product\/47722\/revisions\/47725"}],"wp:featuredmedia":[{"embeddable":true,"href":"https:\/\/shop.nano.ba\/index.php\/wp-json\/wp\/v2\/media\/45543"}],"wp:attachment":[{"href":"https:\/\/shop.nano.ba\/index.php\/wp-json\/wp\/v2\/media?parent=47722"}],"wp:term":[{"taxonomy":"product_brand","embeddable":true,"href":"https:\/\/shop.nano.ba\/index.php\/wp-json\/wp\/v2\/product_brand?post=47722"},{"taxonomy":"product_cat","embeddable":true,"href":"https:\/\/shop.nano.ba\/index.php\/wp-json\/wp\/v2\/product_cat?post=47722"},{"taxonomy":"product_tag","embeddable":true,"href":"https:\/\/shop.nano.ba\/index.php\/wp-json\/wp\/v2\/product_tag?post=47722"}],"curies":[{"name":"wp","href":"https:\/\/api.w.org\/{rel}","templated":true}]}}