{"id":47923,"date":"2023-06-07T07:57:38","date_gmt":"2023-06-07T07:57:38","guid":{"rendered":"https:\/\/shop.nano.ba\/?post_type=product&#038;p=47923"},"modified":"2024-06-29T05:32:00","modified_gmt":"2024-06-29T05:32:00","slug":"krevetac-120x60cm-luna-826","status":"publish","type":"product","link":"https:\/\/shop.nano.ba\/index.php\/proizvod\/krevetac-120x60cm-luna-826\/","title":{"rendered":"Krevetac 120x60cm LUNA &#8211; 826"},"content":{"rendered":"<p>Drveni krevetac, dostupan u bijeloj boji, dimenzija 120x60cm.<br \/>\nPrednja strana se mo\u017ee spu\u0161tati.<br \/>\nMadrac se mo\u017ee pode\u0161avati na 3 nivoa.<\/p>\n<p>Posjetite na\u0161 maloprodajni objekat na Ceriku u Br\u010dkom pored magistralnog puta Tuzla-Ora\u0161je, ili naru\u010dite na ku\u0107nu adresu. Nudimo sigurnu online kupovinu, \u0161aljemo brzom po\u0161tom na adresu, uz pla\u0107anje prilikom preuzimanja i pregledanje paketa prije pla\u0107anja.<\/p>\n<p>Svi paketi su osigurani od o\u0161te\u0107enja prilikom transporta.<\/p>\n","protected":false},"excerpt":{"rendered":"<p>Drveni krevetac, dostupan u bijeloj boji, dimenzija 120x60cm. Prednja strana se mo\u017ee spu\u0161tati. Madrac se mo\u017ee pode\u0161avati na 3 nivoa.<\/p>\n","protected":false},"featured_media":48833,"template":"","meta":[],"product_brand":[],"product_cat":[317,515],"product_tag":[],"class_list":{"0":"post-47923","1":"product","2":"type-product","3":"status-publish","4":"has-post-thumbnail","6":"product_cat-baby-oprema","7":"product_cat-krevetici","9":"first","10":"outofstock","11":"shipping-taxable","12":"purchasable","13":"product-type-simple"},"_links":{"self":[{"href":"https:\/\/shop.nano.ba\/index.php\/wp-json\/wp\/v2\/product\/47923","targetHints":{"allow":["GET"]}}],"collection":[{"href":"https:\/\/shop.nano.ba\/index.php\/wp-json\/wp\/v2\/product"}],"about":[{"href":"https:\/\/shop.nano.ba\/index.php\/wp-json\/wp\/v2\/types\/product"}],"version-history":[{"count":1,"href":"https:\/\/shop.nano.ba\/index.php\/wp-json\/wp\/v2\/product\/47923\/revisions"}],"predecessor-version":[{"id":47926,"href":"https:\/\/shop.nano.ba\/index.php\/wp-json\/wp\/v2\/product\/47923\/revisions\/47926"}],"wp:featuredmedia":[{"embeddable":true,"href":"https:\/\/shop.nano.ba\/index.php\/wp-json\/wp\/v2\/media\/48833"}],"wp:attachment":[{"href":"https:\/\/shop.nano.ba\/index.php\/wp-json\/wp\/v2\/media?parent=47923"}],"wp:term":[{"taxonomy":"product_brand","embeddable":true,"href":"https:\/\/shop.nano.ba\/index.php\/wp-json\/wp\/v2\/product_brand?post=47923"},{"taxonomy":"product_cat","embeddable":true,"href":"https:\/\/shop.nano.ba\/index.php\/wp-json\/wp\/v2\/product_cat?post=47923"},{"taxonomy":"product_tag","embeddable":true,"href":"https:\/\/shop.nano.ba\/index.php\/wp-json\/wp\/v2\/product_tag?post=47923"}],"curies":[{"name":"wp","href":"https:\/\/api.w.org\/{rel}","templated":true}]}}