{"id":48131,"date":"2023-06-11T06:33:55","date_gmt":"2023-06-11T06:33:55","guid":{"rendered":"https:\/\/shop.nano.ba\/?post_type=product&#038;p=48131"},"modified":"2025-08-12T12:10:31","modified_gmt":"2025-08-12T12:10:31","slug":"radni-stol-na-tockovima-sa-8-ladica-bd-36-44-40","status":"publish","type":"product","link":"https:\/\/shop.nano.ba\/index.php\/proizvod\/radni-stol-na-tockovima-sa-8-ladica-bd-36-44-40\/","title":{"rendered":"Radni stol na to\u010dkovima sa 8 ladica (BD.36.44.40)"},"content":{"rendered":"<pre id=\"tw-target-text\" class=\"tw-data-text tw-text-large tw-ta\" dir=\"ltr\" data-placeholder=\"Translation\"><span class=\"Y2IQFc\" lang=\"bs\">Dimenzije: V1060xW1200xD460mm (uklju\u010duju\u0107i to\u010dkove i ru\u010dku) i \r\nV900xW1040xD460mm (bez to\u010dkova i ru\u010dke).\r\n\r\nIzra\u0111en od 0,70mm i 1,00mm DKP lima.\r\n\r\nTe\u017ei 96 kg.\r\n\r\n8 ladica sa 5mm gumiranom postavom.\r\n6 ladica se mogu zaklju\u010dati pojedina\u010dno.\r\nLadice imaju 100% produ\u017ene teleskopske \u0161ine.\r\nIndustrijski kota\u010di\u0107i od 100 mm sa kugli\u010dnim le\u017eajevima (2 okretna sa ko\u010dnicama, 2 fiksna).\r\nElektrostati\u010dka boja u prahu (E\/P) zavr\u0161na obrada.\r\nDimenzije fioka su slede\u0107e:\r\n\r\nGornja fioka: \r\n1. V90x\u0160900xD405mm\r\n2. ladica: V45x\u0160540xD405mm\r\n3. i 4. ladice: V72x\u0160540xD405mm\r\n5. ladica: V155xW540xD405mm\r\n6. ladica: V240xW540xD405mm\r\n7. i 8. desna ladica: V75xW300xD405mm (sa 215mm gornjeg razmaka)<\/span><\/pre>\n","protected":false},"excerpt":{"rendered":"<p>Dimenzije: V1060xW1200xD460mm (uklju\u010duju\u0107i to\u010dkove i ru\u010dku) i V900xW1040xD460mm (bez to\u010dkova i ru\u010dke). Izra\u0111en od 0,70mm i 1,00mm DKP lima. Te\u017ei<\/p>\n","protected":false},"featured_media":48132,"template":"","meta":[],"product_brand":[],"product_cat":[576],"product_tag":[],"class_list":{"0":"post-48131","1":"product","2":"type-product","3":"status-publish","4":"has-post-thumbnail","6":"product_cat-metalni-radni-stolovi","8":"first","9":"instock","10":"shipping-taxable","11":"purchasable","12":"product-type-simple"},"_links":{"self":[{"href":"https:\/\/shop.nano.ba\/index.php\/wp-json\/wp\/v2\/product\/48131","targetHints":{"allow":["GET"]}}],"collection":[{"href":"https:\/\/shop.nano.ba\/index.php\/wp-json\/wp\/v2\/product"}],"about":[{"href":"https:\/\/shop.nano.ba\/index.php\/wp-json\/wp\/v2\/types\/product"}],"version-history":[{"count":1,"href":"https:\/\/shop.nano.ba\/index.php\/wp-json\/wp\/v2\/product\/48131\/revisions"}],"predecessor-version":[{"id":48137,"href":"https:\/\/shop.nano.ba\/index.php\/wp-json\/wp\/v2\/product\/48131\/revisions\/48137"}],"wp:featuredmedia":[{"embeddable":true,"href":"https:\/\/shop.nano.ba\/index.php\/wp-json\/wp\/v2\/media\/48132"}],"wp:attachment":[{"href":"https:\/\/shop.nano.ba\/index.php\/wp-json\/wp\/v2\/media?parent=48131"}],"wp:term":[{"taxonomy":"product_brand","embeddable":true,"href":"https:\/\/shop.nano.ba\/index.php\/wp-json\/wp\/v2\/product_brand?post=48131"},{"taxonomy":"product_cat","embeddable":true,"href":"https:\/\/shop.nano.ba\/index.php\/wp-json\/wp\/v2\/product_cat?post=48131"},{"taxonomy":"product_tag","embeddable":true,"href":"https:\/\/shop.nano.ba\/index.php\/wp-json\/wp\/v2\/product_tag?post=48131"}],"curies":[{"name":"wp","href":"https:\/\/api.w.org\/{rel}","templated":true}]}}