{"id":48149,"date":"2023-06-11T06:53:09","date_gmt":"2023-06-11T06:53:09","guid":{"rendered":"https:\/\/shop.nano.ba\/?post_type=product&#038;p=48149"},"modified":"2025-04-17T10:00:24","modified_gmt":"2025-04-17T10:00:24","slug":"radni-kolica-sa-3-police-i-morsovim-drzacem-bd-36-44-71","status":"publish","type":"product","link":"https:\/\/shop.nano.ba\/index.php\/proizvod\/radni-kolica-sa-3-police-i-morsovim-drzacem-bd-36-44-71\/","title":{"rendered":"Radni kolica sa 3 police i Morsovim dr\u017ea\u010dem (BD.36.44.71)"},"content":{"rendered":"<pre id=\"tw-target-text\" class=\"tw-data-text tw-text-large tw-ta\" dir=\"ltr\" data-placeholder=\"Translation\"><span class=\"Y2IQFc\" lang=\"bs\">Tehni\u010dke specifikacije:\r\n\r\nDimenzije: V900x\u0160900xD500 mm.\r\nTe\u017eina bez pribora: 36 kg.\r\nMaterijal: DKP i HRP lim (1,20-4,00 mm).\r\nElektrostati\u010dko premazivanje prahom.\r\nBoja: RAL5015 (plava) (Dostupne su dodatne boje).\r\nSrednji industrijski set to\u010dkova (R100) (2 sa ko\u010dnicama, 2 bez ko\u010dnica).<\/span><\/pre>\n","protected":false},"excerpt":{"rendered":"<p>Tehni\u010dke specifikacije: Dimenzije: V900x\u0160900xD500 mm. Te\u017eina bez pribora: 36 kg. Materijal: DKP i HRP lim (1,20-4,00 mm). Elektrostati\u010dko premazivanje prahom.<\/p>\n","protected":false},"featured_media":48152,"template":"","meta":[],"product_brand":[],"product_cat":[576],"product_tag":[],"class_list":{"0":"post-48149","1":"product","2":"type-product","3":"status-publish","4":"has-post-thumbnail","6":"product_cat-metalni-radni-stolovi","8":"first","9":"instock","10":"shipping-taxable","11":"purchasable","12":"product-type-simple"},"_links":{"self":[{"href":"https:\/\/shop.nano.ba\/index.php\/wp-json\/wp\/v2\/product\/48149","targetHints":{"allow":["GET"]}}],"collection":[{"href":"https:\/\/shop.nano.ba\/index.php\/wp-json\/wp\/v2\/product"}],"about":[{"href":"https:\/\/shop.nano.ba\/index.php\/wp-json\/wp\/v2\/types\/product"}],"version-history":[{"count":1,"href":"https:\/\/shop.nano.ba\/index.php\/wp-json\/wp\/v2\/product\/48149\/revisions"}],"predecessor-version":[{"id":48154,"href":"https:\/\/shop.nano.ba\/index.php\/wp-json\/wp\/v2\/product\/48149\/revisions\/48154"}],"wp:featuredmedia":[{"embeddable":true,"href":"https:\/\/shop.nano.ba\/index.php\/wp-json\/wp\/v2\/media\/48152"}],"wp:attachment":[{"href":"https:\/\/shop.nano.ba\/index.php\/wp-json\/wp\/v2\/media?parent=48149"}],"wp:term":[{"taxonomy":"product_brand","embeddable":true,"href":"https:\/\/shop.nano.ba\/index.php\/wp-json\/wp\/v2\/product_brand?post=48149"},{"taxonomy":"product_cat","embeddable":true,"href":"https:\/\/shop.nano.ba\/index.php\/wp-json\/wp\/v2\/product_cat?post=48149"},{"taxonomy":"product_tag","embeddable":true,"href":"https:\/\/shop.nano.ba\/index.php\/wp-json\/wp\/v2\/product_tag?post=48149"}],"curies":[{"name":"wp","href":"https:\/\/api.w.org\/{rel}","templated":true}]}}