{"id":48583,"date":"2023-06-20T07:00:03","date_gmt":"2023-06-20T07:00:03","guid":{"rendered":"https:\/\/shop.nano.ba\/?post_type=product&#038;p=48583"},"modified":"2024-06-29T09:29:38","modified_gmt":"2024-06-29T09:29:38","slug":"otto-plus-djecija-kolica-3u1-siva","status":"publish","type":"product","link":"https:\/\/shop.nano.ba\/index.php\/proizvod\/otto-plus-djecija-kolica-3u1-siva\/","title":{"rendered":"Otto plus dje\u010dija kolica 3u1 &#8211; Siva"},"content":{"rendered":"<div class=\"x11i5rnm xat24cr x1mh8g0r x1vvkbs xdj266r x126k92a\">\n<div dir=\"auto\">Otto kolica<\/div>\n<\/div>\n<div class=\"x11i5rnm xat24cr x1mh8g0r x1vvkbs xtlvy1s x126k92a\">\n<div dir=\"auto\">Funkcionalnost de\u010dijih kolica raste sa djetetom.<\/div>\n<div dir=\"auto\">Sportska sjedalica se mo\u017ee pode\u0161avati u dva polo\u017eaja, le\u017ee\u0107i i sjede\u0107i.<\/div>\n<div dir=\"auto\">Sjedalicu sa bebom mo\u017eete veoma jednostavno skinuti sa rama i premjestiti na drugo mjesto.<\/div>\n<div dir=\"auto\">Kvalitetni amortizeri na gumenim to\u010dkovima garantuju najudobniju vo\u017enju za va\u0161e dijete!<\/div>\n<div dir=\"auto\">I sportski dio i autosjedalica se mogu montirati na ram kolica u oba smjera.<\/div>\n<div dir=\"auto\"><\/div>\n<\/div>\n<div class=\"x11i5rnm xat24cr x1mh8g0r x1vvkbs xtlvy1s x126k92a\">\n<div dir=\"auto\">Ovaj prakti\u010dni SET 3U1 DJE\u010cIJIH KOLICA UKLJU\u010cUJE:<\/div>\n<div dir=\"auto\">&#8211; Kvalitetna kolica za bebe<\/div>\n<div dir=\"auto\">&#8211; Autosjedalica za djecu do 13 kg<\/div>\n<div dir=\"auto\">&#8211; Sportska sjedalica za djecu do 15kg<\/div>\n<div dir=\"auto\">&#8211; Za\u0161tita od ki\u0161e i hladno\u0107e za kolica<\/div>\n<div dir=\"auto\">&#8211; Za\u0161tita od ki\u0161e i hladno\u0107e za autosjedalicu<\/div>\n<div dir=\"auto\">&#8211; Za\u0161titna mre\u017eica protiv komaraca<\/div>\n<div dir=\"auto\">&#8211; Prostor za odlaganje bebinih stvari, dr\u017ea\u010d za \u010da\u0161e.<\/div>\n<div dir=\"auto\"><\/div>\n<\/div>\n","protected":false},"excerpt":{"rendered":"<p>Otto kolica Funkcionalnost de\u010dijih kolica raste sa djetetom. Sportska sjedalica se mo\u017ee pode\u0161avati u dva polo\u017eaja, le\u017ee\u0107i i sjede\u0107i. Sjedalicu<\/p>\n","protected":false},"featured_media":48584,"template":"","meta":[],"product_brand":[],"product_cat":[317,588,388],"product_tag":[],"class_list":{"0":"post-48583","1":"product","2":"type-product","3":"status-publish","4":"has-post-thumbnail","6":"product_cat-baby-oprema","7":"product_cat-kolica-za-bebe","8":"product_cat-nermus","10":"first","11":"outofstock","12":"shipping-taxable","13":"purchasable","14":"product-type-simple"},"_links":{"self":[{"href":"https:\/\/shop.nano.ba\/index.php\/wp-json\/wp\/v2\/product\/48583","targetHints":{"allow":["GET"]}}],"collection":[{"href":"https:\/\/shop.nano.ba\/index.php\/wp-json\/wp\/v2\/product"}],"about":[{"href":"https:\/\/shop.nano.ba\/index.php\/wp-json\/wp\/v2\/types\/product"}],"version-history":[{"count":1,"href":"https:\/\/shop.nano.ba\/index.php\/wp-json\/wp\/v2\/product\/48583\/revisions"}],"predecessor-version":[{"id":48587,"href":"https:\/\/shop.nano.ba\/index.php\/wp-json\/wp\/v2\/product\/48583\/revisions\/48587"}],"wp:featuredmedia":[{"embeddable":true,"href":"https:\/\/shop.nano.ba\/index.php\/wp-json\/wp\/v2\/media\/48584"}],"wp:attachment":[{"href":"https:\/\/shop.nano.ba\/index.php\/wp-json\/wp\/v2\/media?parent=48583"}],"wp:term":[{"taxonomy":"product_brand","embeddable":true,"href":"https:\/\/shop.nano.ba\/index.php\/wp-json\/wp\/v2\/product_brand?post=48583"},{"taxonomy":"product_cat","embeddable":true,"href":"https:\/\/shop.nano.ba\/index.php\/wp-json\/wp\/v2\/product_cat?post=48583"},{"taxonomy":"product_tag","embeddable":true,"href":"https:\/\/shop.nano.ba\/index.php\/wp-json\/wp\/v2\/product_tag?post=48583"}],"curies":[{"name":"wp","href":"https:\/\/api.w.org\/{rel}","templated":true}]}}