{"id":48680,"date":"2023-06-21T11:49:52","date_gmt":"2023-06-21T11:49:52","guid":{"rendered":"https:\/\/shop.nano.ba\/?post_type=product&#038;p=48680"},"modified":"2025-09-17T07:42:21","modified_gmt":"2025-09-17T07:42:21","slug":"krevet-miky-160x70cm","status":"publish","type":"product","link":"https:\/\/shop.nano.ba\/index.php\/proizvod\/krevet-miky-160x70cm\/","title":{"rendered":"Krevet Bambolino Junior 160x70cm"},"content":{"rendered":"<div dir=\"auto\">Krevet sa madracem &#8211; 269 KM.<\/div>\n<div dir=\"auto\">*Mogu\u0107nost izrade u bijeloj boji ili slika po \u017eelji (dostupne slike u galeriji)<\/div>\n<div dir=\"auto\">*Jorgan 100&#215;140 cm &#8211; 20KM.<\/div>\n<div dir=\"auto\">*Jastuk 50&#215;40 cm &#8211; 10KM.<\/div>\n<div dir=\"auto\">*Pletenica kao na slici 230 cm, slu\u017ei kao za\u0161tita, za jednu kra\u0107u jednu du\u017eu stranu &#8211; 57KM.<\/div>\n<div dir=\"auto\"><\/div>\n<div dir=\"auto\"><\/div>\n<div dir=\"auto\"><\/div>\n","protected":false},"excerpt":{"rendered":"<p>Krevet sa madracem &#8211; 269 KM. *Mogu\u0107nost izrade u bijeloj boji ili slika po \u017eelji (dostupne slike u galeriji) *Jorgan<\/p>\n","protected":false},"featured_media":114233,"template":"","meta":[],"product_brand":[],"product_cat":[317,515],"product_tag":[],"class_list":{"0":"post-48680","1":"product","2":"type-product","3":"status-publish","4":"has-post-thumbnail","6":"product_cat-baby-oprema","7":"product_cat-krevetici","9":"first","10":"instock","11":"shipping-taxable","12":"purchasable","13":"product-type-simple"},"_links":{"self":[{"href":"https:\/\/shop.nano.ba\/index.php\/wp-json\/wp\/v2\/product\/48680","targetHints":{"allow":["GET"]}}],"collection":[{"href":"https:\/\/shop.nano.ba\/index.php\/wp-json\/wp\/v2\/product"}],"about":[{"href":"https:\/\/shop.nano.ba\/index.php\/wp-json\/wp\/v2\/types\/product"}],"version-history":[{"count":4,"href":"https:\/\/shop.nano.ba\/index.php\/wp-json\/wp\/v2\/product\/48680\/revisions"}],"predecessor-version":[{"id":114237,"href":"https:\/\/shop.nano.ba\/index.php\/wp-json\/wp\/v2\/product\/48680\/revisions\/114237"}],"wp:featuredmedia":[{"embeddable":true,"href":"https:\/\/shop.nano.ba\/index.php\/wp-json\/wp\/v2\/media\/114233"}],"wp:attachment":[{"href":"https:\/\/shop.nano.ba\/index.php\/wp-json\/wp\/v2\/media?parent=48680"}],"wp:term":[{"taxonomy":"product_brand","embeddable":true,"href":"https:\/\/shop.nano.ba\/index.php\/wp-json\/wp\/v2\/product_brand?post=48680"},{"taxonomy":"product_cat","embeddable":true,"href":"https:\/\/shop.nano.ba\/index.php\/wp-json\/wp\/v2\/product_cat?post=48680"},{"taxonomy":"product_tag","embeddable":true,"href":"https:\/\/shop.nano.ba\/index.php\/wp-json\/wp\/v2\/product_tag?post=48680"}],"curies":[{"name":"wp","href":"https:\/\/api.w.org\/{rel}","templated":true}]}}