{"id":48927,"date":"2023-06-23T07:08:20","date_gmt":"2023-06-23T07:08:20","guid":{"rendered":"https:\/\/shop.nano.ba\/?post_type=product&#038;p=48927"},"modified":"2026-02-08T10:39:04","modified_gmt":"2026-02-08T10:39:04","slug":"sajla-za-ciscenje-odvoda-3mx6mm-harden-601003","status":"publish","type":"product","link":"https:\/\/shop.nano.ba\/index.php\/proizvod\/sajla-za-ciscenje-odvoda-3mx6mm-harden-601003\/","title":{"rendered":"Sajla za \u010di\u0161\u0107enje odvoda 3MX6mm Harden 601003"},"content":{"rendered":"","protected":false},"excerpt":{"rendered":"","protected":false},"featured_media":48929,"template":"","meta":[],"product_brand":[],"product_cat":[337,732],"product_tag":[],"class_list":{"0":"post-48927","1":"product","2":"type-product","3":"status-publish","4":"has-post-thumbnail","6":"product_cat-alati","7":"product_cat-sajle","9":"first","10":"instock","11":"shipping-taxable","12":"purchasable","13":"product-type-simple"},"_links":{"self":[{"href":"https:\/\/shop.nano.ba\/index.php\/wp-json\/wp\/v2\/product\/48927","targetHints":{"allow":["GET"]}}],"collection":[{"href":"https:\/\/shop.nano.ba\/index.php\/wp-json\/wp\/v2\/product"}],"about":[{"href":"https:\/\/shop.nano.ba\/index.php\/wp-json\/wp\/v2\/types\/product"}],"version-history":[{"count":1,"href":"https:\/\/shop.nano.ba\/index.php\/wp-json\/wp\/v2\/product\/48927\/revisions"}],"predecessor-version":[{"id":48936,"href":"https:\/\/shop.nano.ba\/index.php\/wp-json\/wp\/v2\/product\/48927\/revisions\/48936"}],"wp:featuredmedia":[{"embeddable":true,"href":"https:\/\/shop.nano.ba\/index.php\/wp-json\/wp\/v2\/media\/48929"}],"wp:attachment":[{"href":"https:\/\/shop.nano.ba\/index.php\/wp-json\/wp\/v2\/media?parent=48927"}],"wp:term":[{"taxonomy":"product_brand","embeddable":true,"href":"https:\/\/shop.nano.ba\/index.php\/wp-json\/wp\/v2\/product_brand?post=48927"},{"taxonomy":"product_cat","embeddable":true,"href":"https:\/\/shop.nano.ba\/index.php\/wp-json\/wp\/v2\/product_cat?post=48927"},{"taxonomy":"product_tag","embeddable":true,"href":"https:\/\/shop.nano.ba\/index.php\/wp-json\/wp\/v2\/product_tag?post=48927"}],"curies":[{"name":"wp","href":"https:\/\/api.w.org\/{rel}","templated":true}]}}