{"id":49255,"date":"2023-06-23T12:16:03","date_gmt":"2023-06-23T12:16:03","guid":{"rendered":"https:\/\/shop.nano.ba\/?post_type=product&#038;p=49255"},"modified":"2025-10-07T12:18:25","modified_gmt":"2025-10-07T12:18:25","slug":"plahta-na-gumu-za-madrac-120x60cm-100-pamuk-2","status":"publish","type":"product","link":"https:\/\/shop.nano.ba\/index.php\/proizvod\/plahta-na-gumu-za-madrac-120x60cm-100-pamuk-2\/","title":{"rendered":"Plahta na gumu za madrac 120x60cm 100% pamuk"},"content":{"rendered":"<p>Plahta na gumu za madrac 120x60cm.<\/p>\n<p>Materijal: Pamuk sa elastinom.<\/p>\n<div dir=\"auto\">\n<p>Odr\u017eavanje:<\/p>\n<ul>\n<li>Ma\u0161insko pranje na 30\u00b0<\/li>\n<li>Su\u0161enje na vjetru.<\/li>\n<li>Nije dozvoljeno peglanje.<\/li>\n<\/ul>\n<p>Promjena pri pranju na 30\u00b0C: po du\u017eini -1,2%, po \u0161irini -0,5% pH vodenog ekstrakta 8,6%<br \/>\nProizvo\u0111a\u010d: Nano DOO, Cerik, Br\u010dko<\/p>\n<\/div>\n","protected":false},"excerpt":{"rendered":"<p>Plahta na gumu za madrac 120x60cm. Materijal: Pamuk sa elastinom. Odr\u017eavanje: Ma\u0161insko pranje na 30\u00b0 Su\u0161enje na vjetru. Nije dozvoljeno<\/p>\n","protected":false},"featured_media":116541,"template":"","meta":[],"product_brand":[],"product_cat":[317,517],"product_tag":[],"class_list":{"0":"post-49255","1":"product","2":"type-product","3":"status-publish","4":"has-post-thumbnail","6":"product_cat-baby-oprema","7":"product_cat-posteljina-za-djecu","9":"first","10":"instock","11":"shipping-taxable","12":"purchasable","13":"product-type-variable"},"_links":{"self":[{"href":"https:\/\/shop.nano.ba\/index.php\/wp-json\/wp\/v2\/product\/49255","targetHints":{"allow":["GET"]}}],"collection":[{"href":"https:\/\/shop.nano.ba\/index.php\/wp-json\/wp\/v2\/product"}],"about":[{"href":"https:\/\/shop.nano.ba\/index.php\/wp-json\/wp\/v2\/types\/product"}],"version-history":[{"count":4,"href":"https:\/\/shop.nano.ba\/index.php\/wp-json\/wp\/v2\/product\/49255\/revisions"}],"predecessor-version":[{"id":116549,"href":"https:\/\/shop.nano.ba\/index.php\/wp-json\/wp\/v2\/product\/49255\/revisions\/116549"}],"wp:featuredmedia":[{"embeddable":true,"href":"https:\/\/shop.nano.ba\/index.php\/wp-json\/wp\/v2\/media\/116541"}],"wp:attachment":[{"href":"https:\/\/shop.nano.ba\/index.php\/wp-json\/wp\/v2\/media?parent=49255"}],"wp:term":[{"taxonomy":"product_brand","embeddable":true,"href":"https:\/\/shop.nano.ba\/index.php\/wp-json\/wp\/v2\/product_brand?post=49255"},{"taxonomy":"product_cat","embeddable":true,"href":"https:\/\/shop.nano.ba\/index.php\/wp-json\/wp\/v2\/product_cat?post=49255"},{"taxonomy":"product_tag","embeddable":true,"href":"https:\/\/shop.nano.ba\/index.php\/wp-json\/wp\/v2\/product_tag?post=49255"}],"curies":[{"name":"wp","href":"https:\/\/api.w.org\/{rel}","templated":true}]}}