{"id":4944,"date":"2020-02-12T07:49:29","date_gmt":"2020-02-12T07:49:29","guid":{"rendered":"https:\/\/shop.nano.ba\/?post_type=product&#038;p=4944"},"modified":"2022-11-29T14:07:13","modified_gmt":"2022-11-29T14:07:13","slug":"baby-gnijezdo-sa-pletenicom","status":"publish","type":"product","link":"https:\/\/shop.nano.ba\/index.php\/proizvod\/baby-gnijezdo-sa-pletenicom\/","title":{"rendered":"Gnijezdo sa pletenicom, jorganom i jastukom &#8211; Sivo bijelo tirkiz"},"content":{"rendered":"<div dir=\"auto\">Gnijezda za podlogu imaju mekanu, a \u010dvrstu spu\u017evu, koja omogu\u0107ava maksimalnu udobnost na koju god povr\u0161inu postavite gnijezdo.<\/div>\n<div dir=\"auto\">Gnijezdo omogu\u0107ava da beba uvijek i gdje god se nalazili, spava u poznatom okru\u017eenju.<\/div>\n<div dir=\"auto\">Klasi\u010dno gnijezdo se mo\u017ee pro\u0161irivati, a pletenica sa gnijezda s pletenicom se mo\u017ee skidati.<\/div>\n<div dir=\"auto\"><\/div>\n<div dir=\"auto\">\n<p>Odr\u017eavanje:<\/p>\n<ul>\n<li>Ma\u0161insko pranje na 30\u00b0<\/li>\n<li>Su\u0161enje na vjetru.<\/li>\n<li>Dozvoljeno peglanje.<\/li>\n<\/ul>\n<p>Promjena pri pranju na 30\u00b0C: po du\u017eini -1,2%, po \u0161irini -0,5% pH vodenog ekstrakta 8,6%<br \/>\nProizvo\u0111a\u010d: Nano DOO, Cerik, Br\u010dko<\/p>\n<\/div>\n<div dir=\"auto\"><\/div>\n","protected":false},"excerpt":{"rendered":"<p>Gnijezda za podlogu imaju mekanu, a \u010dvrstu spu\u017evu, koja omogu\u0107ava maksimalnu udobnost na koju god povr\u0161inu postavite gnijezdo. Gnijezdo omogu\u0107ava<\/p>\n","protected":false},"featured_media":22792,"template":"","meta":[],"product_brand":[],"product_cat":[317],"product_tag":[],"class_list":{"0":"post-4944","1":"product","2":"type-product","3":"status-publish","4":"has-post-thumbnail","6":"product_cat-baby-oprema","8":"first","9":"instock","10":"shipping-taxable","11":"purchasable","12":"product-type-simple"},"_links":{"self":[{"href":"https:\/\/shop.nano.ba\/index.php\/wp-json\/wp\/v2\/product\/4944","targetHints":{"allow":["GET"]}}],"collection":[{"href":"https:\/\/shop.nano.ba\/index.php\/wp-json\/wp\/v2\/product"}],"about":[{"href":"https:\/\/shop.nano.ba\/index.php\/wp-json\/wp\/v2\/types\/product"}],"version-history":[{"count":2,"href":"https:\/\/shop.nano.ba\/index.php\/wp-json\/wp\/v2\/product\/4944\/revisions"}],"predecessor-version":[{"id":39494,"href":"https:\/\/shop.nano.ba\/index.php\/wp-json\/wp\/v2\/product\/4944\/revisions\/39494"}],"wp:featuredmedia":[{"embeddable":true,"href":"https:\/\/shop.nano.ba\/index.php\/wp-json\/wp\/v2\/media\/22792"}],"wp:attachment":[{"href":"https:\/\/shop.nano.ba\/index.php\/wp-json\/wp\/v2\/media?parent=4944"}],"wp:term":[{"taxonomy":"product_brand","embeddable":true,"href":"https:\/\/shop.nano.ba\/index.php\/wp-json\/wp\/v2\/product_brand?post=4944"},{"taxonomy":"product_cat","embeddable":true,"href":"https:\/\/shop.nano.ba\/index.php\/wp-json\/wp\/v2\/product_cat?post=4944"},{"taxonomy":"product_tag","embeddable":true,"href":"https:\/\/shop.nano.ba\/index.php\/wp-json\/wp\/v2\/product_tag?post=4944"}],"curies":[{"name":"wp","href":"https:\/\/api.w.org\/{rel}","templated":true}]}}