{"id":49686,"date":"2023-06-27T11:55:06","date_gmt":"2023-06-27T11:55:06","guid":{"rendered":"https:\/\/shop.nano.ba\/?post_type=product&#038;p=49686"},"modified":"2025-10-07T11:53:26","modified_gmt":"2025-10-07T11:53:26","slug":"gnijezdo-s-jastukom-i-jorganom-koraljna-boja","status":"publish","type":"product","link":"https:\/\/shop.nano.ba\/index.php\/proizvod\/gnijezdo-s-jastukom-i-jorganom-koraljna-boja\/","title":{"rendered":"Gnijezdo s jastukom i jorganom &#8211; Be\u017e i Safari"},"content":{"rendered":"<div dir=\"auto\">Gnijezda za podlogu imaju mekanu, a \u010dvrstu spu\u017evu, koja omogu\u0107ava maksimalnu udobnost na koju god povr\u0161inu postavite gnijezdo.<\/div>\n<div dir=\"auto\">Gnijezdo omogu\u0107ava da beba uvijek i gdje god se nalazili, spava u poznatom okru\u017eenju.<\/div>\n<div dir=\"auto\">Klasi\u010dno gnijezdo se mo\u017ee pro\u0161irivati, a pletenica sa gnijezda s pletenicom se mo\u017ee skidati.<\/div>\n<div dir=\"auto\">Dostupne su razne boje i dezeni, a kombinacija je mogu\u0107a i po narud\u017ebi kupca.<\/div>\n<div dir=\"auto\">\u0160aljemo brzom po\u0161tom na adresu, pla\u0107anje je prilikom preuzimanja, a paket mo\u017eete pregledati.<\/div>\n","protected":false},"excerpt":{"rendered":"<p>Gnijezda za podlogu imaju mekanu, a \u010dvrstu spu\u017evu, koja omogu\u0107ava maksimalnu udobnost na koju god povr\u0161inu postavite gnijezdo. Gnijezdo omogu\u0107ava<\/p>\n","protected":false},"featured_media":116514,"template":"","meta":[],"product_brand":[],"product_cat":[317,598],"product_tag":[],"class_list":{"0":"post-49686","1":"product","2":"type-product","3":"status-publish","4":"has-post-thumbnail","6":"product_cat-baby-oprema","7":"product_cat-gnijezdo-za-bebe","9":"first","10":"instock","11":"shipping-taxable","12":"purchasable","13":"product-type-simple"},"_links":{"self":[{"href":"https:\/\/shop.nano.ba\/index.php\/wp-json\/wp\/v2\/product\/49686","targetHints":{"allow":["GET"]}}],"collection":[{"href":"https:\/\/shop.nano.ba\/index.php\/wp-json\/wp\/v2\/product"}],"about":[{"href":"https:\/\/shop.nano.ba\/index.php\/wp-json\/wp\/v2\/types\/product"}],"version-history":[{"count":3,"href":"https:\/\/shop.nano.ba\/index.php\/wp-json\/wp\/v2\/product\/49686\/revisions"}],"predecessor-version":[{"id":116516,"href":"https:\/\/shop.nano.ba\/index.php\/wp-json\/wp\/v2\/product\/49686\/revisions\/116516"}],"wp:featuredmedia":[{"embeddable":true,"href":"https:\/\/shop.nano.ba\/index.php\/wp-json\/wp\/v2\/media\/116514"}],"wp:attachment":[{"href":"https:\/\/shop.nano.ba\/index.php\/wp-json\/wp\/v2\/media?parent=49686"}],"wp:term":[{"taxonomy":"product_brand","embeddable":true,"href":"https:\/\/shop.nano.ba\/index.php\/wp-json\/wp\/v2\/product_brand?post=49686"},{"taxonomy":"product_cat","embeddable":true,"href":"https:\/\/shop.nano.ba\/index.php\/wp-json\/wp\/v2\/product_cat?post=49686"},{"taxonomy":"product_tag","embeddable":true,"href":"https:\/\/shop.nano.ba\/index.php\/wp-json\/wp\/v2\/product_tag?post=49686"}],"curies":[{"name":"wp","href":"https:\/\/api.w.org\/{rel}","templated":true}]}}