{"id":49759,"date":"2023-06-27T12:56:16","date_gmt":"2023-06-27T12:56:16","guid":{"rendered":"https:\/\/shop.nano.ba\/?post_type=product&#038;p=49759"},"modified":"2023-11-17T11:07:27","modified_gmt":"2023-11-17T11:07:27","slug":"baldahin-plafonski-bijeli","status":"publish","type":"product","link":"https:\/\/shop.nano.ba\/index.php\/proizvod\/baldahin-plafonski-bijeli\/","title":{"rendered":"Baldahin plafonski &#8211; Bijeli"},"content":{"rendered":"<div dir=\"auto\">Baldahin koji \u0107e trajati \u010ditavo djetinjstvo <span class=\"x3nfvp2 x1j61x8r x1fcty0u xdj266r xhhsvwb xat24cr xgzva0m xxymvpz xlup9mm x1kky2od\"><img loading=\"lazy\" decoding=\"async\" src=\"https:\/\/static.xx.fbcdn.net\/images\/emoji.php\/v9\/tb4\/1\/16\/2b50.png\" alt=\"\u2b50\" width=\"16\" height=\"16\" \/><\/span><\/div>\n<div dir=\"auto\">Mo\u017ee i\u0107i iznad baby kreveta, iznad velikog kreveta, u uglu iznad prostora za igru, mogu\u0107nosti su ogromne, a na Vama je samo da odaberete boju <span class=\"x3nfvp2 x1j61x8r x1fcty0u xdj266r xhhsvwb xat24cr xgzva0m xxymvpz xlup9mm x1kky2od\"><img loading=\"lazy\" decoding=\"async\" src=\"https:\/\/static.xx.fbcdn.net\/images\/emoji.php\/v9\/tf0\/1\/16\/1f338.png\" alt=\"\ud83c\udf38\" width=\"16\" height=\"16\" \/><\/span><\/div>\n<div dir=\"auto\">Baldahin Diana <span class=\"x3nfvp2 x1j61x8r x1fcty0u xdj266r xhhsvwb xat24cr xgzva0m xxymvpz xlup9mm x1kky2od\"><img loading=\"lazy\" decoding=\"async\" src=\"https:\/\/static.xx.fbcdn.net\/images\/emoji.php\/v9\/t3\/1\/16\/1f380.png\" alt=\"\ud83c\udf80\" width=\"16\" height=\"16\" \/><\/span><\/div>\n<div dir=\"auto\">\u0160aljemo brzom po\u0161tom na adresu, pla\u0107anje je prilikom preuzimanja, a paket mo\u017eete pregledati <span class=\"x3nfvp2 x1j61x8r x1fcty0u xdj266r xhhsvwb xat24cr xgzva0m xxymvpz xlup9mm x1kky2od\"><img loading=\"lazy\" decoding=\"async\" src=\"https:\/\/static.xx.fbcdn.net\/images\/emoji.php\/v9\/t84\/1\/16\/1f381.png\" alt=\"\ud83c\udf81\" width=\"16\" height=\"16\" \/><\/span><\/div>\n<div dir=\"auto\">Nalazimo se na Ceriku u Br\u010dkom, pored magistralnog puta Tuzla &#8211; Ora\u0161je <span class=\"x3nfvp2 x1j61x8r x1fcty0u xdj266r xhhsvwb xat24cr xgzva0m xxymvpz xlup9mm x1kky2od\"><img loading=\"lazy\" decoding=\"async\" src=\"https:\/\/static.xx.fbcdn.net\/images\/emoji.php\/v9\/t2d\/1\/16\/1f4cd.png\" alt=\"\ud83d\udccd\" width=\"16\" height=\"16\" \/><\/span><\/div>\n","protected":false},"excerpt":{"rendered":"<p>Baldahin koji \u0107e trajati \u010ditavo djetinjstvo Mo\u017ee i\u0107i iznad baby kreveta, iznad velikog kreveta, u uglu iznad prostora za igru,<\/p>\n","protected":false},"featured_media":49760,"template":"","meta":[],"product_brand":[],"product_cat":[317,516],"product_tag":[],"class_list":{"0":"post-49759","1":"product","2":"type-product","3":"status-publish","4":"has-post-thumbnail","6":"product_cat-baby-oprema","7":"product_cat-baldahini","9":"first","10":"instock","11":"shipping-taxable","12":"purchasable","13":"product-type-simple"},"_links":{"self":[{"href":"https:\/\/shop.nano.ba\/index.php\/wp-json\/wp\/v2\/product\/49759","targetHints":{"allow":["GET"]}}],"collection":[{"href":"https:\/\/shop.nano.ba\/index.php\/wp-json\/wp\/v2\/product"}],"about":[{"href":"https:\/\/shop.nano.ba\/index.php\/wp-json\/wp\/v2\/types\/product"}],"version-history":[{"count":1,"href":"https:\/\/shop.nano.ba\/index.php\/wp-json\/wp\/v2\/product\/49759\/revisions"}],"predecessor-version":[{"id":49762,"href":"https:\/\/shop.nano.ba\/index.php\/wp-json\/wp\/v2\/product\/49759\/revisions\/49762"}],"wp:featuredmedia":[{"embeddable":true,"href":"https:\/\/shop.nano.ba\/index.php\/wp-json\/wp\/v2\/media\/49760"}],"wp:attachment":[{"href":"https:\/\/shop.nano.ba\/index.php\/wp-json\/wp\/v2\/media?parent=49759"}],"wp:term":[{"taxonomy":"product_brand","embeddable":true,"href":"https:\/\/shop.nano.ba\/index.php\/wp-json\/wp\/v2\/product_brand?post=49759"},{"taxonomy":"product_cat","embeddable":true,"href":"https:\/\/shop.nano.ba\/index.php\/wp-json\/wp\/v2\/product_cat?post=49759"},{"taxonomy":"product_tag","embeddable":true,"href":"https:\/\/shop.nano.ba\/index.php\/wp-json\/wp\/v2\/product_tag?post=49759"}],"curies":[{"name":"wp","href":"https:\/\/api.w.org\/{rel}","templated":true}]}}