{"id":49776,"date":"2023-06-27T13:10:07","date_gmt":"2023-06-27T13:10:07","guid":{"rendered":"https:\/\/shop.nano.ba\/?post_type=product&#038;p=49776"},"modified":"2026-02-18T18:32:52","modified_gmt":"2026-02-18T18:32:52","slug":"baldahin-plafonski-tirkiz","status":"publish","type":"product","link":"https:\/\/shop.nano.ba\/index.php\/proizvod\/baldahin-plafonski-tirkiz\/","title":{"rendered":"Baldahin Freya &#8211; Tirkiz"},"content":{"rendered":"<p><strong>Freya baldahin<\/strong> za krevet koji \u0107e stvoriti magi\u010dan prostor. Savr\u0161en za dje\u010dju sobu ili igraonicu. Izra\u0111en je od mekanog tila, velike gusto\u0107e. Za izradu baldahina koristili smo 10 metara mekanog tila. Baldahin se pri\u010dvr\u0161\u0107uje na plafon.<br \/>\nSet uklju\u010duje i dvije girlande po dva pom poma. (Ukupno 4 komada)<\/p>\n<p>&nbsp;<\/p>\n<p><strong>Dimenzije:<\/strong><\/p>\n<ul>\n<li>Pre\u010dnik kruga 60cm.<\/li>\n<li>Visina 240cm, du\u017eina uzice na kojoj visi 60cm.<\/li>\n<\/ul>\n<p><strong>Odr\u017eavanje:<\/strong><\/p>\n<ul>\n<li>Ma\u0161insko pranje na 30\u00b0<\/li>\n<li>Su\u0161enje na vjetru<\/li>\n<li>Peglanje nije dozvoljeno i nije potrebno<\/li>\n<\/ul>\n","protected":false},"excerpt":{"rendered":"<p>Freya baldahin za krevet koji \u0107e stvoriti magi\u010dan prostor. Savr\u0161en za dje\u010dju sobu ili igraonicu. Izra\u0111en je od mekanog tila,<\/p>\n","protected":false},"featured_media":131227,"template":"","meta":[],"product_brand":[],"product_cat":[317,516,800,830],"product_tag":[],"class_list":{"0":"post-49776","1":"product","2":"type-product","3":"status-publish","4":"has-post-thumbnail","6":"product_cat-baby-oprema","7":"product_cat-baldahini","8":"product_cat-boje-i-dezeni","9":"product_cat-tirkiz","11":"first","12":"instock","13":"shipping-taxable","14":"purchasable","15":"product-type-simple"},"_links":{"self":[{"href":"https:\/\/shop.nano.ba\/index.php\/wp-json\/wp\/v2\/product\/49776","targetHints":{"allow":["GET"]}}],"collection":[{"href":"https:\/\/shop.nano.ba\/index.php\/wp-json\/wp\/v2\/product"}],"about":[{"href":"https:\/\/shop.nano.ba\/index.php\/wp-json\/wp\/v2\/types\/product"}],"version-history":[{"count":3,"href":"https:\/\/shop.nano.ba\/index.php\/wp-json\/wp\/v2\/product\/49776\/revisions"}],"predecessor-version":[{"id":131228,"href":"https:\/\/shop.nano.ba\/index.php\/wp-json\/wp\/v2\/product\/49776\/revisions\/131228"}],"wp:featuredmedia":[{"embeddable":true,"href":"https:\/\/shop.nano.ba\/index.php\/wp-json\/wp\/v2\/media\/131227"}],"wp:attachment":[{"href":"https:\/\/shop.nano.ba\/index.php\/wp-json\/wp\/v2\/media?parent=49776"}],"wp:term":[{"taxonomy":"product_brand","embeddable":true,"href":"https:\/\/shop.nano.ba\/index.php\/wp-json\/wp\/v2\/product_brand?post=49776"},{"taxonomy":"product_cat","embeddable":true,"href":"https:\/\/shop.nano.ba\/index.php\/wp-json\/wp\/v2\/product_cat?post=49776"},{"taxonomy":"product_tag","embeddable":true,"href":"https:\/\/shop.nano.ba\/index.php\/wp-json\/wp\/v2\/product_tag?post=49776"}],"curies":[{"name":"wp","href":"https:\/\/api.w.org\/{rel}","templated":true}]}}