{"id":49991,"date":"2023-06-30T10:24:33","date_gmt":"2023-06-30T10:24:33","guid":{"rendered":"https:\/\/shop.nano.ba\/?post_type=product&#038;p=49991"},"modified":"2023-07-01T10:38:11","modified_gmt":"2023-07-01T10:38:11","slug":"visenamjenski-jastuk-za-dojenje-hranjenje-bebe","status":"publish","type":"product","link":"https:\/\/shop.nano.ba\/index.php\/proizvod\/visenamjenski-jastuk-za-dojenje-hranjenje-bebe\/","title":{"rendered":"Vi\u0161enamjenski jastuk za dojenje\/hranjenje bebe &#8211; Puder roze"},"content":{"rendered":"<div class=\"woocommerce-tabs wc-tabs-wrapper tabs-layout-tabs\" data-state=\"first\" data-layout=\"tabs\">\n<div class=\"wd-accordion-item wd-tab-wrapper woodmart-tab-wrapper\">\n<div id=\"tab-description\" class=\"entry-content woocommerce-Tabs-panel woocommerce-Tabs-panel--description wd-active panel wc-tab\" role=\"tabpanel\" aria-labelledby=\"tab-title-description\" data-accordion-index=\"description\">\n<div class=\"wc-tab-inner\">\n<div class=\"xdj266r x11i5rnm xat24cr x1mh8g0r x1vvkbs x126k92a\">\n<div dir=\"auto\">Jastuk za dojenje.<\/div>\n<div dir=\"auto\"><\/div>\n<\/div>\n<div class=\"x11i5rnm xat24cr x1mh8g0r x1vvkbs xtlvy1s x126k92a\">\n<div dir=\"auto\">Mogu se koristiti kao :<\/div>\n<div dir=\"auto\">*jastuk za trudnice<\/div>\n<div dir=\"auto\">*jastuk za hranjenje\/dojenje<\/div>\n<div dir=\"auto\">*jastuk za izle\u017eavanje bebe<\/div>\n<div dir=\"auto\">*pomaga\u010d bebi pri sjedenju<\/div>\n<div dir=\"auto\"><\/div>\n<\/div>\n<div class=\"x11i5rnm xat24cr x1mh8g0r x1vvkbs xtlvy1s x126k92a\">\n<div dir=\"auto\">Materijal: 100% pamuk.<\/div>\n<div dir=\"auto\">Punjenje antialergijska silikonska pahuljica.<\/div>\n<\/div>\n<div dir=\"auto\">\n<p>Odr\u017eavanje:<\/p>\n<ul>\n<li>Ma\u0161insko pranje na 30\u00b0<\/li>\n<li>Su\u0161enje na vjetru.<\/li>\n<li>Dozvoljeno peglanje.<\/li>\n<\/ul>\n<p>Promjena pri pranju na 30\u00b0C: po du\u017eini -1,2%, po \u0161irini -0,5% pH vodenog ekstrakta 8,6%<br \/>\nProizvo\u0111a\u010d: Nano DOO, Cerik, Br\u010dko<\/p>\n<\/div>\n<\/div>\n<\/div>\n<\/div>\n<div class=\"wd-accordion-item wd-tab-wrapper woodmart-tab-wrapper\"><\/div>\n<div class=\"wd-accordion-item wd-tab-wrapper woodmart-tab-wrapper\"><\/div>\n<\/div>\n","protected":false},"excerpt":{"rendered":"<p>Jastuk za dojenje. Mogu se koristiti kao : *jastuk za trudnice *jastuk za hranjenje\/dojenje *jastuk za izle\u017eavanje bebe *pomaga\u010d bebi<\/p>\n","protected":false},"featured_media":49993,"template":"","meta":[],"product_brand":[],"product_cat":[317,596],"product_tag":[],"class_list":{"0":"post-49991","1":"product","2":"type-product","3":"status-publish","4":"has-post-thumbnail","6":"product_cat-baby-oprema","7":"product_cat-jastuci-za-dojenje-i-trudnice","9":"first","10":"instock","11":"shipping-taxable","12":"purchasable","13":"product-type-simple"},"_links":{"self":[{"href":"https:\/\/shop.nano.ba\/index.php\/wp-json\/wp\/v2\/product\/49991","targetHints":{"allow":["GET"]}}],"collection":[{"href":"https:\/\/shop.nano.ba\/index.php\/wp-json\/wp\/v2\/product"}],"about":[{"href":"https:\/\/shop.nano.ba\/index.php\/wp-json\/wp\/v2\/types\/product"}],"version-history":[{"count":2,"href":"https:\/\/shop.nano.ba\/index.php\/wp-json\/wp\/v2\/product\/49991\/revisions"}],"predecessor-version":[{"id":50054,"href":"https:\/\/shop.nano.ba\/index.php\/wp-json\/wp\/v2\/product\/49991\/revisions\/50054"}],"wp:featuredmedia":[{"embeddable":true,"href":"https:\/\/shop.nano.ba\/index.php\/wp-json\/wp\/v2\/media\/49993"}],"wp:attachment":[{"href":"https:\/\/shop.nano.ba\/index.php\/wp-json\/wp\/v2\/media?parent=49991"}],"wp:term":[{"taxonomy":"product_brand","embeddable":true,"href":"https:\/\/shop.nano.ba\/index.php\/wp-json\/wp\/v2\/product_brand?post=49991"},{"taxonomy":"product_cat","embeddable":true,"href":"https:\/\/shop.nano.ba\/index.php\/wp-json\/wp\/v2\/product_cat?post=49991"},{"taxonomy":"product_tag","embeddable":true,"href":"https:\/\/shop.nano.ba\/index.php\/wp-json\/wp\/v2\/product_tag?post=49991"}],"curies":[{"name":"wp","href":"https:\/\/api.w.org\/{rel}","templated":true}]}}