{"id":49995,"date":"2023-06-30T10:29:48","date_gmt":"2023-06-30T10:29:48","guid":{"rendered":"https:\/\/shop.nano.ba\/?post_type=product&#038;p=49995"},"modified":"2023-07-01T11:28:25","modified_gmt":"2023-07-01T11:28:25","slug":"smotuljak-s-masnom-bijelom-i-bijelim-zvjezdicama","status":"publish","type":"product","link":"https:\/\/shop.nano.ba\/index.php\/proizvod\/smotuljak-s-masnom-bijelom-i-bijelim-zvjezdicama\/","title":{"rendered":"Smotuljak &#8211; Sivi s bijelom ma\u0161nom i sivim zvjezdicama"},"content":{"rendered":"<div dir=\"auto\">Smotuljak za bebe!<\/div>\n<div dir=\"auto\">Mekani smotuljak od najkvalitetnijeg pamuka samo za na\u0161e bebice.<\/div>\n<div dir=\"auto\">Imamo razli\u010dite dizajne, \u017eivih boja. Topli i udobni.<\/div>\n<div dir=\"auto\">Savr\u0161eni i za dr\u017eanje tek ro\u0111ene bebe.<\/div>\n","protected":false},"excerpt":{"rendered":"<p>Smotuljak za bebe! Mekani smotuljak od najkvalitetnijeg pamuka samo za na\u0161e bebice. Imamo razli\u010dite dizajne, \u017eivih boja. Topli i udobni.<\/p>\n","protected":false},"featured_media":49996,"template":"","meta":[],"product_brand":[],"product_cat":[317,603],"product_tag":[],"class_list":{"0":"post-49995","1":"product","2":"type-product","3":"status-publish","4":"has-post-thumbnail","6":"product_cat-baby-oprema","7":"product_cat-smotuljak","9":"first","10":"instock","11":"shipping-taxable","12":"purchasable","13":"product-type-simple"},"_links":{"self":[{"href":"https:\/\/shop.nano.ba\/index.php\/wp-json\/wp\/v2\/product\/49995","targetHints":{"allow":["GET"]}}],"collection":[{"href":"https:\/\/shop.nano.ba\/index.php\/wp-json\/wp\/v2\/product"}],"about":[{"href":"https:\/\/shop.nano.ba\/index.php\/wp-json\/wp\/v2\/types\/product"}],"version-history":[{"count":4,"href":"https:\/\/shop.nano.ba\/index.php\/wp-json\/wp\/v2\/product\/49995\/revisions"}],"predecessor-version":[{"id":50026,"href":"https:\/\/shop.nano.ba\/index.php\/wp-json\/wp\/v2\/product\/49995\/revisions\/50026"}],"wp:featuredmedia":[{"embeddable":true,"href":"https:\/\/shop.nano.ba\/index.php\/wp-json\/wp\/v2\/media\/49996"}],"wp:attachment":[{"href":"https:\/\/shop.nano.ba\/index.php\/wp-json\/wp\/v2\/media?parent=49995"}],"wp:term":[{"taxonomy":"product_brand","embeddable":true,"href":"https:\/\/shop.nano.ba\/index.php\/wp-json\/wp\/v2\/product_brand?post=49995"},{"taxonomy":"product_cat","embeddable":true,"href":"https:\/\/shop.nano.ba\/index.php\/wp-json\/wp\/v2\/product_cat?post=49995"},{"taxonomy":"product_tag","embeddable":true,"href":"https:\/\/shop.nano.ba\/index.php\/wp-json\/wp\/v2\/product_tag?post=49995"}],"curies":[{"name":"wp","href":"https:\/\/api.w.org\/{rel}","templated":true}]}}