{"id":50002,"date":"2023-06-30T10:33:42","date_gmt":"2023-06-30T10:33:42","guid":{"rendered":"https:\/\/shop.nano.ba\/?post_type=product&#038;p=50002"},"modified":"2023-07-01T11:28:36","modified_gmt":"2023-07-01T11:28:36","slug":"bez-smotuljak-s-bijelom-masnom","status":"publish","type":"product","link":"https:\/\/shop.nano.ba\/index.php\/proizvod\/bez-smotuljak-s-bijelom-masnom\/","title":{"rendered":"Smotuljak &#8211; Be\u017e s bijelom ma\u0161nom"},"content":{"rendered":"<div dir=\"auto\">Smotuljak za bebe!<\/div>\n<div dir=\"auto\">Mekani smotuljak od najkvalitetnijeg pamuka samo za na\u0161e bebice.<\/div>\n<div dir=\"auto\">Imamo razli\u010dite dizajne, \u017eivih boja. Topli i udobni.<\/div>\n<div dir=\"auto\">Savr\u0161eni i za dr\u017eanje tek ro\u0111ene bebe.<\/div>\n","protected":false},"excerpt":{"rendered":"<p>Smotuljak za bebe! Mekani smotuljak od najkvalitetnijeg pamuka samo za na\u0161e bebice. Imamo razli\u010dite dizajne, \u017eivih boja. Topli i udobni.<\/p>\n","protected":false},"featured_media":50003,"template":"","meta":[],"product_brand":[],"product_cat":[317,603],"product_tag":[],"class_list":{"0":"post-50002","1":"product","2":"type-product","3":"status-publish","4":"has-post-thumbnail","6":"product_cat-baby-oprema","7":"product_cat-smotuljak","9":"first","10":"instock","11":"shipping-taxable","12":"purchasable","13":"product-type-simple"},"_links":{"self":[{"href":"https:\/\/shop.nano.ba\/index.php\/wp-json\/wp\/v2\/product\/50002","targetHints":{"allow":["GET"]}}],"collection":[{"href":"https:\/\/shop.nano.ba\/index.php\/wp-json\/wp\/v2\/product"}],"about":[{"href":"https:\/\/shop.nano.ba\/index.php\/wp-json\/wp\/v2\/types\/product"}],"version-history":[{"count":3,"href":"https:\/\/shop.nano.ba\/index.php\/wp-json\/wp\/v2\/product\/50002\/revisions"}],"predecessor-version":[{"id":50052,"href":"https:\/\/shop.nano.ba\/index.php\/wp-json\/wp\/v2\/product\/50002\/revisions\/50052"}],"wp:featuredmedia":[{"embeddable":true,"href":"https:\/\/shop.nano.ba\/index.php\/wp-json\/wp\/v2\/media\/50003"}],"wp:attachment":[{"href":"https:\/\/shop.nano.ba\/index.php\/wp-json\/wp\/v2\/media?parent=50002"}],"wp:term":[{"taxonomy":"product_brand","embeddable":true,"href":"https:\/\/shop.nano.ba\/index.php\/wp-json\/wp\/v2\/product_brand?post=50002"},{"taxonomy":"product_cat","embeddable":true,"href":"https:\/\/shop.nano.ba\/index.php\/wp-json\/wp\/v2\/product_cat?post=50002"},{"taxonomy":"product_tag","embeddable":true,"href":"https:\/\/shop.nano.ba\/index.php\/wp-json\/wp\/v2\/product_tag?post=50002"}],"curies":[{"name":"wp","href":"https:\/\/api.w.org\/{rel}","templated":true}]}}