{"id":50006,"date":"2023-06-30T10:36:44","date_gmt":"2023-06-30T10:36:44","guid":{"rendered":"https:\/\/shop.nano.ba\/?post_type=product&#038;p=50006"},"modified":"2023-07-01T11:29:21","modified_gmt":"2023-07-01T11:29:21","slug":"bijeli-smotuljak-s-bijelom-masnom","status":"publish","type":"product","link":"https:\/\/shop.nano.ba\/index.php\/proizvod\/bijeli-smotuljak-s-bijelom-masnom\/","title":{"rendered":"Smotuljak &#8211; Bijeli s bijelom ma\u0161nom"},"content":{"rendered":"<div dir=\"auto\">Smotuljak za bebe!<\/div>\n<div dir=\"auto\">Mekani smotuljak od najkvalitetnijeg pamuka samo za na\u0161e bebice.<\/div>\n<div dir=\"auto\">Imamo razli\u010dite dizajne, \u017eivih boja. Topli i udobni.<\/div>\n<div dir=\"auto\">Savr\u0161eni i za dr\u017eanje tek ro\u0111ene bebe.<\/div>\n","protected":false},"excerpt":{"rendered":"<p>Smotuljak za bebe! Mekani smotuljak od najkvalitetnijeg pamuka samo za na\u0161e bebice. Imamo razli\u010dite dizajne, \u017eivih boja. Topli i udobni.<\/p>\n","protected":false},"featured_media":50007,"template":"","meta":[],"product_brand":[],"product_cat":[317,603],"product_tag":[],"class_list":{"0":"post-50006","1":"product","2":"type-product","3":"status-publish","4":"has-post-thumbnail","6":"product_cat-baby-oprema","7":"product_cat-smotuljak","9":"first","10":"instock","11":"shipping-taxable","12":"purchasable","13":"product-type-simple"},"_links":{"self":[{"href":"https:\/\/shop.nano.ba\/index.php\/wp-json\/wp\/v2\/product\/50006","targetHints":{"allow":["GET"]}}],"collection":[{"href":"https:\/\/shop.nano.ba\/index.php\/wp-json\/wp\/v2\/product"}],"about":[{"href":"https:\/\/shop.nano.ba\/index.php\/wp-json\/wp\/v2\/types\/product"}],"version-history":[{"count":3,"href":"https:\/\/shop.nano.ba\/index.php\/wp-json\/wp\/v2\/product\/50006\/revisions"}],"predecessor-version":[{"id":50051,"href":"https:\/\/shop.nano.ba\/index.php\/wp-json\/wp\/v2\/product\/50006\/revisions\/50051"}],"wp:featuredmedia":[{"embeddable":true,"href":"https:\/\/shop.nano.ba\/index.php\/wp-json\/wp\/v2\/media\/50007"}],"wp:attachment":[{"href":"https:\/\/shop.nano.ba\/index.php\/wp-json\/wp\/v2\/media?parent=50006"}],"wp:term":[{"taxonomy":"product_brand","embeddable":true,"href":"https:\/\/shop.nano.ba\/index.php\/wp-json\/wp\/v2\/product_brand?post=50006"},{"taxonomy":"product_cat","embeddable":true,"href":"https:\/\/shop.nano.ba\/index.php\/wp-json\/wp\/v2\/product_cat?post=50006"},{"taxonomy":"product_tag","embeddable":true,"href":"https:\/\/shop.nano.ba\/index.php\/wp-json\/wp\/v2\/product_tag?post=50006"}],"curies":[{"name":"wp","href":"https:\/\/api.w.org\/{rel}","templated":true}]}}