{"id":50035,"date":"2023-06-30T11:02:45","date_gmt":"2023-06-30T11:02:45","guid":{"rendered":"https:\/\/shop.nano.ba\/?post_type=product&#038;p=50035"},"modified":"2026-03-10T11:48:16","modified_gmt":"2026-03-10T11:48:16","slug":"set-bumper-puder-i-bijele-zvjezdice-ogradica-sa-tri-strane-pletenica-plahta-jastuk-jorgan-i-dva-ukrasna-jastuka-120x60cm","status":"publish","type":"product","link":"https:\/\/shop.nano.ba\/index.php\/proizvod\/set-bumper-puder-i-bijele-zvjezdice-ogradica-sa-tri-strane-pletenica-plahta-jastuk-jorgan-i-dva-ukrasna-jastuka-120x60cm\/","title":{"rendered":"Set Bumper Puder Roze i Bijele zvjezdice \u2013 Ogradica sa tri strane, pletenica, plahta, jastuk, jorgan i dva ukrasna jastuka"},"content":{"rendered":"<p>Najnje\u017eniji set za krevetac \u2013 Visoko kvalitetna pletenica sa 4 strane, jastuk, jorgan, plahta i dva ukrasna jastuka.<\/p>\n<p>Pamu\u010dna pletenica sigurna je za\u0161tita za Va\u0161u bebu od udaraca prilikom spavanja. Vanjski materijal je 100% organski pamuk, a iznutra je punjena antialergijskim silikonskim pahuljicama. Set odgovara i ovalnim\/okruglim krevetima.<\/p>\n<p><strong>Materijal:<\/strong><\/p>\n<ul>\n<li>100% organski pamuk ranforce.<\/li>\n<li>Punjenje: antialergijska silikonska pahuljica.<\/li>\n<\/ul>\n<p>Na\u0161 pamuk posjeduje OEKO-TEX\u00ae STANDARD 100 certifikat.<\/p>\n<p><strong>Odr\u017eavanje:<\/strong><\/p>\n<ul>\n<li>Ma\u0161insko pranje na 30\u00b0.<\/li>\n<li>Su\u0161enje na vjetru.<\/li>\n<li>Dozvoljeno peglanje.<\/li>\n<\/ul>\n<p>Set odgovara kreveti\u0107u dimenzija\u00a0<strong>120x60cm<\/strong>.<\/p>\n<p>Promjena pri pranju na 30\u00b0C: po du\u017eini -1,2%, po \u0161irini -0,5% pH vodenog ekstrakta 8,6%<br \/>\nProizvo\u0111a\u010d: Nano DOO, Cerik, Br\u010dko<\/p>\n","protected":false},"excerpt":{"rendered":"<p>Najnje\u017eniji set za krevetac \u2013 Visoko kvalitetna pletenica sa 4 strane, jastuk, jorgan, plahta i dva ukrasna jastuka. Pamu\u010dna pletenica<\/p>\n","protected":false},"featured_media":133663,"template":"","meta":[],"product_brand":[],"product_cat":[317,800,513,849],"product_tag":[],"class_list":{"0":"post-50035","1":"product","2":"type-product","3":"status-publish","4":"has-post-thumbnail","6":"product_cat-baby-oprema","7":"product_cat-boje-i-dezeni","8":"product_cat-ogradice-za-krevetac","9":"product_cat-puder-roze-zvjezdice","11":"first","12":"instock","13":"shipping-taxable","14":"purchasable","15":"product-type-simple"},"_links":{"self":[{"href":"https:\/\/shop.nano.ba\/index.php\/wp-json\/wp\/v2\/product\/50035","targetHints":{"allow":["GET"]}}],"collection":[{"href":"https:\/\/shop.nano.ba\/index.php\/wp-json\/wp\/v2\/product"}],"about":[{"href":"https:\/\/shop.nano.ba\/index.php\/wp-json\/wp\/v2\/types\/product"}],"version-history":[{"count":4,"href":"https:\/\/shop.nano.ba\/index.php\/wp-json\/wp\/v2\/product\/50035\/revisions"}],"predecessor-version":[{"id":133664,"href":"https:\/\/shop.nano.ba\/index.php\/wp-json\/wp\/v2\/product\/50035\/revisions\/133664"}],"wp:featuredmedia":[{"embeddable":true,"href":"https:\/\/shop.nano.ba\/index.php\/wp-json\/wp\/v2\/media\/133663"}],"wp:attachment":[{"href":"https:\/\/shop.nano.ba\/index.php\/wp-json\/wp\/v2\/media?parent=50035"}],"wp:term":[{"taxonomy":"product_brand","embeddable":true,"href":"https:\/\/shop.nano.ba\/index.php\/wp-json\/wp\/v2\/product_brand?post=50035"},{"taxonomy":"product_cat","embeddable":true,"href":"https:\/\/shop.nano.ba\/index.php\/wp-json\/wp\/v2\/product_cat?post=50035"},{"taxonomy":"product_tag","embeddable":true,"href":"https:\/\/shop.nano.ba\/index.php\/wp-json\/wp\/v2\/product_tag?post=50035"}],"curies":[{"name":"wp","href":"https:\/\/api.w.org\/{rel}","templated":true}]}}