{"id":50068,"date":"2023-06-30T11:23:15","date_gmt":"2023-06-30T11:23:15","guid":{"rendered":"https:\/\/shop.nano.ba\/?post_type=product&#038;p=50068"},"modified":"2026-03-10T11:42:57","modified_gmt":"2026-03-10T11:42:57","slug":"set-vesela-druzina-smeda-srca-ogradica-sa-tri-strane-pletenica-plahta-jastuk-jorgan-120x60cm","status":"publish","type":"product","link":"https:\/\/shop.nano.ba\/index.php\/proizvod\/set-vesela-druzina-smeda-srca-ogradica-sa-tri-strane-pletenica-plahta-jastuk-jorgan-120x60cm\/","title":{"rendered":"Set Vesela dru\u017eina Be\u017e i Be\u017e Pilot &#8211; ogradica sa tri strane, pletenica, plahta, jastuk, jorgan"},"content":{"rendered":"<p>Set vesela dru\u017eina za najljep\u0161e snove.<\/p>\n<p><strong>Set sadr\u017ei:<\/strong><\/p>\n<ul>\n<li>Za\u0161titna ogradica sa tri strane( 4 jastuka u obliku \u017eivotinja i 2 oblaka)<\/li>\n<li>pletenica,<\/li>\n<li>jastuk,<\/li>\n<li>jorgan,<\/li>\n<li>plahta.<\/li>\n<\/ul>\n<p>Set odgovara kreveti\u0107u dimenzija 120x60cm.<\/p>\n<p>Materijal: 100% organski pamuk ranforce.<\/p>\n<p>Odr\u017eavanje:<\/p>\n<ul>\n<li>Ru\u010dno pranje ogradice.<\/li>\n<li>Ma\u0161insko pranje na 30\u00b0 ostalih dijelova.<\/li>\n<li>Su\u0161enje na vjetru.<\/li>\n<li>Dozvoljeno peglanje.<\/li>\n<\/ul>\n<p>Promjena pri pranju na 30\u00b0C: po du\u017eini -1,2%, po \u0161irini -0,5% pH vodenog ekstrakta 8,6%<br \/>\nProizvo\u0111a\u010d: Nano DOO, Cerik, Br\u010dko<\/p>\n","protected":false},"excerpt":{"rendered":"<p>Set vesela dru\u017eina za najljep\u0161e snove. Set sadr\u017ei: Za\u0161titna ogradica sa tri strane( 4 jastuka u obliku \u017eivotinja i 2<\/p>\n","protected":false},"featured_media":133656,"template":"","meta":[],"product_brand":[],"product_cat":[317,802,838,800,513],"product_tag":[],"class_list":{"0":"post-50068","1":"product","2":"type-product","3":"status-publish","4":"has-post-thumbnail","6":"product_cat-baby-oprema","7":"product_cat-bez","8":"product_cat-bez-pilot","9":"product_cat-boje-i-dezeni","10":"product_cat-ogradice-za-krevetac","12":"first","13":"instock","14":"shipping-taxable","15":"purchasable","16":"product-type-simple"},"_links":{"self":[{"href":"https:\/\/shop.nano.ba\/index.php\/wp-json\/wp\/v2\/product\/50068","targetHints":{"allow":["GET"]}}],"collection":[{"href":"https:\/\/shop.nano.ba\/index.php\/wp-json\/wp\/v2\/product"}],"about":[{"href":"https:\/\/shop.nano.ba\/index.php\/wp-json\/wp\/v2\/types\/product"}],"version-history":[{"count":4,"href":"https:\/\/shop.nano.ba\/index.php\/wp-json\/wp\/v2\/product\/50068\/revisions"}],"predecessor-version":[{"id":133657,"href":"https:\/\/shop.nano.ba\/index.php\/wp-json\/wp\/v2\/product\/50068\/revisions\/133657"}],"wp:featuredmedia":[{"embeddable":true,"href":"https:\/\/shop.nano.ba\/index.php\/wp-json\/wp\/v2\/media\/133656"}],"wp:attachment":[{"href":"https:\/\/shop.nano.ba\/index.php\/wp-json\/wp\/v2\/media?parent=50068"}],"wp:term":[{"taxonomy":"product_brand","embeddable":true,"href":"https:\/\/shop.nano.ba\/index.php\/wp-json\/wp\/v2\/product_brand?post=50068"},{"taxonomy":"product_cat","embeddable":true,"href":"https:\/\/shop.nano.ba\/index.php\/wp-json\/wp\/v2\/product_cat?post=50068"},{"taxonomy":"product_tag","embeddable":true,"href":"https:\/\/shop.nano.ba\/index.php\/wp-json\/wp\/v2\/product_tag?post=50068"}],"curies":[{"name":"wp","href":"https:\/\/api.w.org\/{rel}","templated":true}]}}