{"id":50299,"date":"2023-07-02T05:19:09","date_gmt":"2023-07-02T05:19:09","guid":{"rendered":"https:\/\/shop.nano.ba\/?post_type=product&#038;p=50299"},"modified":"2025-04-28T12:29:15","modified_gmt":"2025-04-28T12:29:15","slug":"sorting-hat-sesir","status":"publish","type":"product","link":"https:\/\/shop.nano.ba\/index.php\/proizvod\/sorting-hat-sesir\/","title":{"rendered":"Sorting Hat &#8211; \u0160e\u0161ir"},"content":{"rendered":"<p>\u0160e\u0161ir iz popularnih Harry Potter filmova.<br \/>\nU stvarnoj veli\u010dini, odgovara i za odrasle.<\/p>\n","protected":false},"excerpt":{"rendered":"<p>\u0160e\u0161ir iz popularnih Harry Potter filmova. U stvarnoj veli\u010dini, odgovara i za odrasle.<\/p>\n","protected":false},"featured_media":50300,"template":"","meta":[],"product_brand":[],"product_cat":[308,709],"product_tag":[],"class_list":{"0":"post-50299","1":"product","2":"type-product","3":"status-publish","4":"has-post-thumbnail","6":"product_cat-harry-potter","7":"product_cat-sesiri","9":"first","10":"instock","11":"shipping-taxable","12":"purchasable","13":"product-type-simple"},"_links":{"self":[{"href":"https:\/\/shop.nano.ba\/index.php\/wp-json\/wp\/v2\/product\/50299","targetHints":{"allow":["GET"]}}],"collection":[{"href":"https:\/\/shop.nano.ba\/index.php\/wp-json\/wp\/v2\/product"}],"about":[{"href":"https:\/\/shop.nano.ba\/index.php\/wp-json\/wp\/v2\/types\/product"}],"version-history":[{"count":3,"href":"https:\/\/shop.nano.ba\/index.php\/wp-json\/wp\/v2\/product\/50299\/revisions"}],"predecessor-version":[{"id":88503,"href":"https:\/\/shop.nano.ba\/index.php\/wp-json\/wp\/v2\/product\/50299\/revisions\/88503"}],"wp:featuredmedia":[{"embeddable":true,"href":"https:\/\/shop.nano.ba\/index.php\/wp-json\/wp\/v2\/media\/50300"}],"wp:attachment":[{"href":"https:\/\/shop.nano.ba\/index.php\/wp-json\/wp\/v2\/media?parent=50299"}],"wp:term":[{"taxonomy":"product_brand","embeddable":true,"href":"https:\/\/shop.nano.ba\/index.php\/wp-json\/wp\/v2\/product_brand?post=50299"},{"taxonomy":"product_cat","embeddable":true,"href":"https:\/\/shop.nano.ba\/index.php\/wp-json\/wp\/v2\/product_cat?post=50299"},{"taxonomy":"product_tag","embeddable":true,"href":"https:\/\/shop.nano.ba\/index.php\/wp-json\/wp\/v2\/product_tag?post=50299"}],"curies":[{"name":"wp","href":"https:\/\/api.w.org\/{rel}","templated":true}]}}