{"id":50503,"date":"2023-07-02T12:43:03","date_gmt":"2023-07-02T12:43:03","guid":{"rendered":"https:\/\/shop.nano.ba\/?post_type=product&#038;p=50503"},"modified":"2023-07-02T12:43:04","modified_gmt":"2023-07-02T12:43:04","slug":"baldahin-pokrivac-za-autosjedalicu-siva-s-zvjezdicama-i-zutom-masnom","status":"publish","type":"product","link":"https:\/\/shop.nano.ba\/index.php\/proizvod\/baldahin-pokrivac-za-autosjedalicu-siva-s-zvjezdicama-i-zutom-masnom\/","title":{"rendered":"Baldahin\/pokriva\u010d za autosjedalicu &#8211; Siva s zvjezdicama i \u017eutom ma\u0161nom"},"content":{"rendered":"<p>Dupli sloj 100% organskog ranforce pamuka.<\/p>\n<p>Odr\u017eavanje:<\/p>\n<ul>\n<li>Ma\u0161insko pranje na 30\u00b0<\/li>\n<li>Su\u0161enje na vjetru.<\/li>\n<li>Dozvoljeno peglanje.<\/li>\n<\/ul>\n<p>Promjena pri pranju na 30\u00b0C: po du\u017eini -1,2%, po \u0161irini -0,5% pH vodenog ekstrakta 8,6%<br \/>\nProizvo\u0111a\u010d: Nano DOO, Cerik, Br\u010dko<\/p>\n","protected":false},"excerpt":{"rendered":"<p>Dupli sloj 100% organskog ranforce pamuka. Odr\u017eavanje: Ma\u0161insko pranje na 30\u00b0 Su\u0161enje na vjetru. Dozvoljeno peglanje. Promjena pri pranju na<\/p>\n","protected":false},"featured_media":50504,"template":"","meta":[],"product_brand":[],"product_cat":[317,605],"product_tag":[],"class_list":{"0":"post-50503","1":"product","2":"type-product","3":"status-publish","4":"has-post-thumbnail","6":"product_cat-baby-oprema","7":"product_cat-prekrivac-baldahin-za-autosjedalicu","9":"first","10":"instock","11":"shipping-taxable","12":"purchasable","13":"product-type-simple"},"_links":{"self":[{"href":"https:\/\/shop.nano.ba\/index.php\/wp-json\/wp\/v2\/product\/50503","targetHints":{"allow":["GET"]}}],"collection":[{"href":"https:\/\/shop.nano.ba\/index.php\/wp-json\/wp\/v2\/product"}],"about":[{"href":"https:\/\/shop.nano.ba\/index.php\/wp-json\/wp\/v2\/types\/product"}],"version-history":[{"count":1,"href":"https:\/\/shop.nano.ba\/index.php\/wp-json\/wp\/v2\/product\/50503\/revisions"}],"predecessor-version":[{"id":50505,"href":"https:\/\/shop.nano.ba\/index.php\/wp-json\/wp\/v2\/product\/50503\/revisions\/50505"}],"wp:featuredmedia":[{"embeddable":true,"href":"https:\/\/shop.nano.ba\/index.php\/wp-json\/wp\/v2\/media\/50504"}],"wp:attachment":[{"href":"https:\/\/shop.nano.ba\/index.php\/wp-json\/wp\/v2\/media?parent=50503"}],"wp:term":[{"taxonomy":"product_brand","embeddable":true,"href":"https:\/\/shop.nano.ba\/index.php\/wp-json\/wp\/v2\/product_brand?post=50503"},{"taxonomy":"product_cat","embeddable":true,"href":"https:\/\/shop.nano.ba\/index.php\/wp-json\/wp\/v2\/product_cat?post=50503"},{"taxonomy":"product_tag","embeddable":true,"href":"https:\/\/shop.nano.ba\/index.php\/wp-json\/wp\/v2\/product_tag?post=50503"}],"curies":[{"name":"wp","href":"https:\/\/api.w.org\/{rel}","templated":true}]}}